{"id":29822,"date":"2020-06-12T09:15:55","date_gmt":"2020-06-12T07:15:55","guid":{"rendered":"https:\/\/promz.be\/product\/masque-reutilisable-triple-epaisseur\/"},"modified":"2020-06-12T09:15:55","modified_gmt":"2020-06-12T07:15:55","slug":"masque-reutilisable-triple-epaisseur","status":"publish","type":"product","link":"https:\/\/promz.be\/fr\/product\/masque-reutilisable-triple-epaisseur\/","title":{"rendered":"Masque r\u00e9utilisable triple \u00e9paisseur"},"content":{"rendered":"<p><strong>Masque en coton OEKO-TEX\u00ae triple \u00e9paisseur, avec poche pour filtre pour plus de s\u00e9curit\u00e9. Made in Europe<\/strong><\/p>\n<p>Ce masque fabriqu\u00e9 en Europe est livr\u00e9 avec des lacets ajustables pour un meilleur confort. Grace \u00e0 sa pince en m\u00e9tal, le masque s\u2019ajuste parfaitement autour du nez. Le masque peut \u00eatre lav\u00e9 \u00e0 60\u00b0 et r\u00e9utilis\u00e9 plusieurs fois. Nous attirons votre attention sur le fait qu\u2019il ne s\u2019agit pas d\u2019un masque m\u00e9dical ou d\u2019un EPI. Le filtre n\u2019est pas fourni. Le masque est con\u00e7u pour une utilisation non professionnelle. Laver avant utilisation.<\/p>\n","protected":false},"excerpt":{"rendered":"<p><strong>Masque en coton OEKO-TEX\u00ae triple \u00e9paisseur, avec poche pour filtre pour plus de s\u00e9curit\u00e9. Made in Europe<\/strong><\/p>\n<p>Ce masque fabriqu\u00e9 en Europe est livr\u00e9 avec des lacets ajustables pour un meilleur confort. Grace \u00e0 sa pince en m\u00e9tal, le masque s\u2019ajuste parfaitement autour du nez. Le masque peut \u00eatre lav\u00e9 \u00e0 60\u00b0 et r\u00e9utilis\u00e9 plusieurs fois. Nous attirons votre attention sur le fait qu\u2019il ne s\u2019agit pas d\u2019un masque m\u00e9dical ou d\u2019un EPI. Le filtre n\u2019est pas fourni. Le masque est con\u00e7u pour une utilisation non professionnelle. Laver avant utilisation. [&#8230;]<\/p>\n<p><a class=\"btn btn-secondary understrap-read-more-link\" href=\"https:\/\/promz.be\/fr\/product\/masque-reutilisable-triple-epaisseur\/\">Lire la suite&#8230;<\/a><\/p>\n","protected":false},"featured_media":29813,"comment_status":"open","ping_status":"closed","template":"","meta":[],"product_cat":[1014,952,982,986,988,950,1035,951,948,957,1001,954,949,955,967],"product_tag":[],"_links":{"self":[{"href":"https:\/\/promz.be\/fr\/wp-json\/wp\/v2\/product\/29822"}],"collection":[{"href":"https:\/\/promz.be\/fr\/wp-json\/wp\/v2\/product"}],"about":[{"href":"https:\/\/promz.be\/fr\/wp-json\/wp\/v2\/types\/product"}],"replies":[{"embeddable":true,"href":"https:\/\/promz.be\/fr\/wp-json\/wp\/v2\/comments?post=29822"}],"wp:featuredmedia":[{"embeddable":true,"href":"https:\/\/promz.be\/fr\/wp-json\/wp\/v2\/media\/29813"}],"wp:attachment":[{"href":"https:\/\/promz.be\/fr\/wp-json\/wp\/v2\/media?parent=29822"}],"wp:term":[{"taxonomy":"product_cat","embeddable":true,"href":"https:\/\/promz.be\/fr\/wp-json\/wp\/v2\/product_cat?post=29822"},{"taxonomy":"product_tag","embeddable":true,"href":"https:\/\/promz.be\/fr\/wp-json\/wp\/v2\/product_tag?post=29822"}],"curies":[{"name":"wp","href":"https:\/\/api.w.org\/{rel}","templated":true}]}}