{"id":29852,"date":"2020-06-12T10:38:17","date_gmt":"2020-06-12T08:38:32","guid":{"rendered":"https:\/\/promz.be\/?post_type=product&#038;p=29852"},"modified":"2020-06-12T10:40:14","modified_gmt":"2020-06-12T08:40:14","slug":"masque-facial-reutilisable","status":"publish","type":"product","link":"https:\/\/promz.be\/fr\/product\/masque-facial-reutilisable\/","title":{"rendered":"Masque facial r\u00e9utilisable"},"content":{"rendered":"<p><strong>Prot\u00e9gez-vous contre les bact\u00e9ries, les virus et autres particules polluantes dans l&#8217;air. Ces masques de bouche qualitatifs se composent de 4 couches.<\/strong><\/p>\n<p>Ces masques buccaux sont de haute qualit\u00e9, lavables et se composent de 4 couches. Premi\u00e8re couche: Mat\u00e9riaux antibact\u00e9riens infus\u00e9s d\u2019ions cuivreux. Deuxi\u00e8me couche: Mat\u00e9riau filtrant \u00e0 haute r\u00e9sistance.Troisi\u00e8me couche: Filtre et doublure en coton, espace 3D, ventilation et absorption de l\u2019humidit\u00e9. Quatri\u00e8me couche: 100% coton de haute qualit\u00e9, confortable et agr\u00e9able pour la peau.<\/p>\n<p>Posez le masque \u00e0 plat et rangez-le dans un endroit propre, sec et a\u00e9r\u00e9 apr\u00e8s utilisation. Apr\u00e8s l\u2019avoir port\u00e9 pendant une ou deux semaines, utilisez de l\u2019eau purifi\u00e9e ou distill\u00e9e au moins de 60 degr\u00e9s. Une fois que le masque a s\u00e9ch\u00e9 naturellement, on peut ainsi s\u2019assurer que l\u2019efficacit\u00e9 de filtration atteint encore 95% et que l\u2019effet de protection contre les bact\u00e9ries ou les virus.<\/p>\n","protected":false},"excerpt":{"rendered":"<p><strong>Prot\u00e9gez-vous contre les bact\u00e9ries, les virus et autres particules polluantes dans l&#8217;air. Ces masques de bouche qualitatifs se composent de 4 couches.<\/strong><\/p>\n<p>Ces masques buccaux sont de haute qualit\u00e9, lavables et se composent de 4 couches. Premi\u00e8re couche: Mat\u00e9riaux antibact\u00e9riens infus\u00e9s d\u2019ions cuivreux. Deuxi\u00e8me couche: Mat\u00e9riau filtrant \u00e0 haute r\u00e9sistance.Troisi\u00e8me couche: Filtre et doublure en coton, espace 3D, ventilation et absorption de l\u2019humidit\u00e9. Quatri\u00e8me couche: 100% coton de haute qualit\u00e9, confortable et agr\u00e9able pour la peau.<\/p>\n<p>Posez le masque \u00e0 plat et rangez-le dans un endroit propre, sec et a\u00e9r\u00e9 apr\u00e8s utilisation. Apr\u00e8s l\u2019avoir port\u00e9 pendant une ou deux semaines, utilisez de l\u2019eau purifi\u00e9e ou distill\u00e9e au moins de 60 degr\u00e9s. Une fois que le masque a s\u00e9ch\u00e9 naturellement, on peut ainsi s\u2019assurer que l\u2019efficacit\u00e9 de filtration atteint encore 95% et que l\u2019effet de protection contre les bact\u00e9ries ou les virus. [&#8230;]<\/p>\n<p><a class=\"btn btn-secondary understrap-read-more-link\" href=\"https:\/\/promz.be\/fr\/product\/masque-facial-reutilisable\/\">Lire la suite&#8230;<\/a><\/p>\n","protected":false},"featured_media":29854,"comment_status":"open","ping_status":"closed","template":"","meta":[],"product_cat":[1014,952,982,986,988,950,1035,951,948,957,1001,954,949,955,967],"product_tag":[],"_links":{"self":[{"href":"https:\/\/promz.be\/fr\/wp-json\/wp\/v2\/product\/29852"}],"collection":[{"href":"https:\/\/promz.be\/fr\/wp-json\/wp\/v2\/product"}],"about":[{"href":"https:\/\/promz.be\/fr\/wp-json\/wp\/v2\/types\/product"}],"replies":[{"embeddable":true,"href":"https:\/\/promz.be\/fr\/wp-json\/wp\/v2\/comments?post=29852"}],"wp:featuredmedia":[{"embeddable":true,"href":"https:\/\/promz.be\/fr\/wp-json\/wp\/v2\/media\/29854"}],"wp:attachment":[{"href":"https:\/\/promz.be\/fr\/wp-json\/wp\/v2\/media?parent=29852"}],"wp:term":[{"taxonomy":"product_cat","embeddable":true,"href":"https:\/\/promz.be\/fr\/wp-json\/wp\/v2\/product_cat?post=29852"},{"taxonomy":"product_tag","embeddable":true,"href":"https:\/\/promz.be\/fr\/wp-json\/wp\/v2\/product_tag?post=29852"}],"curies":[{"name":"wp","href":"https:\/\/api.w.org\/{rel}","templated":true}]}}