{"id":29864,"date":"2020-06-12T11:04:14","date_gmt":"2020-06-12T09:04:14","guid":{"rendered":"https:\/\/promz.be\/?post_type=product&#038;p=29864"},"modified":"2020-06-12T11:04:14","modified_gmt":"2020-06-12T09:04:14","slug":"colonne-de-desinfection","status":"publish","type":"product","link":"https:\/\/promz.be\/fr\/product\/colonne-de-desinfection\/","title":{"rendered":"Colonne de d\u00e9sinfection"},"content":{"rendered":"<p><strong>Colonne de d\u00e9sinfection avec de l&#8217;espace pour 1 ou 2 dispenseurs, un rouleau de papier et un sac poubelle &#8211; r\u00e9sistant \u00e0 l&#8217;eau &#8211; facile \u00e0 maintenir.<\/strong><\/p>\n<p>Offrez \u00e0 vos clients et \u00e0 votre personnel la possibilit\u00e9 de d\u00e9sinfecter leurs mains avec cette colonne de d\u00e9sinfection. La colonne pr\u00e9voit de l&#8217;espace pour 1 ou 2 distributeurs, un rouleau de papier et un sac poubelle.<\/p>\n<p>Ce meuble isol\u00e9 et stable est fabriqu\u00e9 en pvc. Il est r\u00e9sistant \u00e0 l&#8217;eau en facile \u00e0 maintenir, ce qui le fait appropri\u00e9 pour l&#8217;int\u00e9rieur et l&#8217;ext\u00e9rieur. Vous pouvez monter la colonne en un rien de temps sans aucun outillage. Le design \u00e9l\u00e9gant s&#8217;adapte \u00e0 chaque int\u00e9rieur.<\/p>\n<p>\u2714 Disponible en blanc et noir<br \/>\n\u2714 Dimension 95 x 41 x40 cm<br \/>\n\u2714 Personnalisable<\/p>\n<p>Votre propre design du meuble est possible \u00e0 partir de 10 pi\u00e8ces<br \/>\nContactez-nous pour les possiblit\u00e9s.<\/p>\n","protected":false},"excerpt":{"rendered":"<p><strong>Colonne de d\u00e9sinfection avec de l&#8217;espace pour 1 ou 2 dispenseurs, un rouleau de papier et un sac poubelle &#8211; r\u00e9sistant \u00e0 l&#8217;eau &#8211; facile \u00e0 maintenir.<\/strong><\/p>\n<p>Offrez \u00e0 vos clients et \u00e0 votre personnel la possibilit\u00e9 de d\u00e9sinfecter leurs mains avec cette colonne de d\u00e9sinfection. La colonne pr\u00e9voit de l&#8217;espace pour 1 ou 2 distributeurs, un rouleau de papier et un sac poubelle.<\/p>\n<p>Ce meuble isol\u00e9 et stable est fabriqu\u00e9 en pvc. Il est r\u00e9sistant \u00e0 l&#8217;eau en facile \u00e0 maintenir, ce qui le fait appropri\u00e9 pour l&#8217;int\u00e9rieur et l&#8217;ext\u00e9rieur. Vous pouvez monter la colonne en un rien de temps sans aucun outillage. Le design \u00e9l\u00e9gant s&#8217;adapte \u00e0 chaque int\u00e9rieur.<\/p>\n<p>\u2714 Disponible en blanc et noir<br \/>\n\u2714 Dimension 95 x 41 x40 cm<br \/>\n\u2714 Personnalisable<\/p>\n<p>Votre propre design du meuble est possible \u00e0 partir de 10 pi\u00e8ces<br \/>\nContactez-nous pour les possiblit\u00e9s. [&#8230;]<\/p>\n<p><a class=\"btn btn-secondary understrap-read-more-link\" href=\"https:\/\/promz.be\/fr\/product\/colonne-de-desinfection\/\">Lire la suite&#8230;<\/a><\/p>\n","protected":false},"featured_media":29863,"comment_status":"open","ping_status":"closed","template":"","meta":[],"product_cat":[952,986,1035,951,957,1031,949],"product_tag":[],"_links":{"self":[{"href":"https:\/\/promz.be\/fr\/wp-json\/wp\/v2\/product\/29864"}],"collection":[{"href":"https:\/\/promz.be\/fr\/wp-json\/wp\/v2\/product"}],"about":[{"href":"https:\/\/promz.be\/fr\/wp-json\/wp\/v2\/types\/product"}],"replies":[{"embeddable":true,"href":"https:\/\/promz.be\/fr\/wp-json\/wp\/v2\/comments?post=29864"}],"wp:featuredmedia":[{"embeddable":true,"href":"https:\/\/promz.be\/fr\/wp-json\/wp\/v2\/media\/29863"}],"wp:attachment":[{"href":"https:\/\/promz.be\/fr\/wp-json\/wp\/v2\/media?parent=29864"}],"wp:term":[{"taxonomy":"product_cat","embeddable":true,"href":"https:\/\/promz.be\/fr\/wp-json\/wp\/v2\/product_cat?post=29864"},{"taxonomy":"product_tag","embeddable":true,"href":"https:\/\/promz.be\/fr\/wp-json\/wp\/v2\/product_tag?post=29864"}],"curies":[{"name":"wp","href":"https:\/\/api.w.org\/{rel}","templated":true}]}}