{"id":29877,"date":"2020-06-12T11:21:40","date_gmt":"2020-06-12T09:21:40","guid":{"rendered":"https:\/\/promz.be\/?post_type=product&#038;p=29877"},"modified":"2020-06-12T11:21:40","modified_gmt":"2020-06-12T09:21:40","slug":"boite-de-sterilisation-uv-c-avec-chargeur-sans-fil","status":"publish","type":"product","link":"https:\/\/promz.be\/fr\/product\/boite-de-sterilisation-uv-c-avec-chargeur-sans-fil\/","title":{"rendered":"Bo\u00eete de st\u00e9rilisation UV-C avec chargeur sans fil"},"content":{"rendered":"<p><strong>St\u00e9rilisateur UV-C multifonctionnel qui tue jusqu&#8217;\u00e0 99,9 des bact\u00e9ries plac\u00e9es \u00e0 l&#8217;int\u00e9rieur de l&#8217;appareil. Personnalisable avec votre logo!<\/strong><\/p>\n<p>Il vous suffit de placer des objets comme des \u00e9couteurs, des bijoux, des montres et des masques \u00e0 l&#8217;int\u00e9rieur pour les st\u00e9riliser gr\u00e2ce \u00e0 la technologie UV-C. Vous pouvez choisir de faire un nettoyage rapide en 90 secondes ou un nettoyage complet en 5 minutes. Les 2 LED UV-C \u00e0 l&#8217;int\u00e9rieur sont non toxiques, fabriqu\u00e9es sans mercure et ont un cycle de vie de 10 000 heures. Son design garantit \u00e9galement que la lumi\u00e8re LED UV-C s&#8217;\u00e9teint automatiquement lorsque la bo\u00eete est ouverte, de sorte que l&#8217;utilisateur ne soit pas expos\u00e9 \u00e0 la lumi\u00e8re UV-C. En plus du st\u00e9rilisateur, il y a un chargeur sans fil de 5W pour charger votre t\u00e9l\u00e9phones.<\/p>\n","protected":false},"excerpt":{"rendered":"<p><strong>St\u00e9rilisateur UV-C multifonctionnel qui tue jusqu&#8217;\u00e0 99,9 des bact\u00e9ries plac\u00e9es \u00e0 l&#8217;int\u00e9rieur de l&#8217;appareil. Personnalisable avec votre logo!<\/strong><\/p>\n<p>Il vous suffit de placer des objets comme des \u00e9couteurs, des bijoux, des montres et des masques \u00e0 l&#8217;int\u00e9rieur pour les st\u00e9riliser gr\u00e2ce \u00e0 la technologie UV-C. Vous pouvez choisir de faire un nettoyage rapide en 90 secondes ou un nettoyage complet en 5 minutes. Les 2 LED UV-C \u00e0 l&#8217;int\u00e9rieur sont non toxiques, fabriqu\u00e9es sans mercure et ont un cycle de vie de 10 000 heures. Son design garantit \u00e9galement que la lumi\u00e8re LED UV-C s&#8217;\u00e9teint automatiquement lorsque la bo\u00eete est ouverte, de sorte que l&#8217;utilisateur ne soit pas expos\u00e9 \u00e0 la lumi\u00e8re UV-C. En plus du st\u00e9rilisateur, il y a un chargeur sans fil de 5W pour charger votre t\u00e9l\u00e9phones. [&#8230;]<\/p>\n<p><a class=\"btn btn-secondary understrap-read-more-link\" href=\"https:\/\/promz.be\/fr\/product\/boite-de-sterilisation-uv-c-avec-chargeur-sans-fil\/\">Lire la suite&#8230;<\/a><\/p>\n","protected":false},"featured_media":29876,"comment_status":"open","ping_status":"closed","template":"","meta":[],"product_cat":[974,1026,950,1035,951,1006,949,956],"product_tag":[],"_links":{"self":[{"href":"https:\/\/promz.be\/fr\/wp-json\/wp\/v2\/product\/29877"}],"collection":[{"href":"https:\/\/promz.be\/fr\/wp-json\/wp\/v2\/product"}],"about":[{"href":"https:\/\/promz.be\/fr\/wp-json\/wp\/v2\/types\/product"}],"replies":[{"embeddable":true,"href":"https:\/\/promz.be\/fr\/wp-json\/wp\/v2\/comments?post=29877"}],"wp:featuredmedia":[{"embeddable":true,"href":"https:\/\/promz.be\/fr\/wp-json\/wp\/v2\/media\/29876"}],"wp:attachment":[{"href":"https:\/\/promz.be\/fr\/wp-json\/wp\/v2\/media?parent=29877"}],"wp:term":[{"taxonomy":"product_cat","embeddable":true,"href":"https:\/\/promz.be\/fr\/wp-json\/wp\/v2\/product_cat?post=29877"},{"taxonomy":"product_tag","embeddable":true,"href":"https:\/\/promz.be\/fr\/wp-json\/wp\/v2\/product_tag?post=29877"}],"curies":[{"name":"wp","href":"https:\/\/api.w.org\/{rel}","templated":true}]}}