{"id":29888,"date":"2020-06-12T11:46:19","date_gmt":"2020-06-12T09:47:02","guid":{"rendered":"https:\/\/promz.be\/?post_type=product&#038;p=29888"},"modified":"2020-06-12T11:47:02","modified_gmt":"2020-06-12T09:47:02","slug":"porte-cles-nocokey","status":"publish","type":"product","link":"https:\/\/promz.be\/fr\/product\/porte-cles-nocokey\/","title":{"rendered":"Porte-cl\u00e9s NoCokey"},"content":{"rendered":"<p><strong>Restez en s\u00e9curit\u00e9, restez sain avec ce porte-cl\u00e9s pratique en m\u00e9tallique anti-covid-19 \u00ab NoCokey.<\/strong><\/p>\n<p>Avec un crochet pour l\u2019ouverture des portes, pour la manipulation des pav\u00e9s num\u00e9riques des terminaux de cartes, des distributeurs de billets, des claviers d\u2019ascenseurs et des sonneries. Gr\u00e2ce \u00e0 l\u2019anneau o\u00f9 l\u2019on met le doigt, on aura plus de prise et de force.<br \/>\nAvec ce porte-cl\u00e9s \u2018SmartClean\u2019et Smartsafe\u2019 vous \u00e9viterez e.a. la contagion du Covid-19. En plus c\u2019est aussi un ouvre-bouteille !<br \/>\nDisponible en chrome et cuivr\u00e9 pour plus de s\u00e9curit\u00e9, car le cuivre tue rapidement les virus et bact\u00e9ries par sa nature.<\/p>\n","protected":false},"excerpt":{"rendered":"<p><strong>Restez en s\u00e9curit\u00e9, restez sain avec ce porte-cl\u00e9s pratique en m\u00e9tallique anti-covid-19 \u00ab NoCokey.<\/strong><\/p>\n<p>Avec un crochet pour l\u2019ouverture des portes, pour la manipulation des pav\u00e9s num\u00e9riques des terminaux de cartes, des distributeurs de billets, des claviers d\u2019ascenseurs et des sonneries. Gr\u00e2ce \u00e0 l\u2019anneau o\u00f9 l\u2019on met le doigt, on aura plus de prise et de force.<br \/>\nAvec ce porte-cl\u00e9s \u2018SmartClean\u2019et Smartsafe\u2019 vous \u00e9viterez e.a. la contagion du Covid-19. En plus c\u2019est aussi un ouvre-bouteille !<br \/>\nDisponible en chrome et cuivr\u00e9 pour plus de s\u00e9curit\u00e9, car le cuivre tue rapidement les virus et bact\u00e9ries par sa nature. [&#8230;]<\/p>\n<p><a class=\"btn btn-secondary understrap-read-more-link\" href=\"https:\/\/promz.be\/fr\/product\/porte-cles-nocokey\/\">Lire la suite&#8230;<\/a><\/p>\n","protected":false},"featured_media":29890,"comment_status":"open","ping_status":"closed","template":"","meta":[],"product_cat":[1014,952,988,950,1035,951,948,957,1001,1018,954,949],"product_tag":[],"_links":{"self":[{"href":"https:\/\/promz.be\/fr\/wp-json\/wp\/v2\/product\/29888"}],"collection":[{"href":"https:\/\/promz.be\/fr\/wp-json\/wp\/v2\/product"}],"about":[{"href":"https:\/\/promz.be\/fr\/wp-json\/wp\/v2\/types\/product"}],"replies":[{"embeddable":true,"href":"https:\/\/promz.be\/fr\/wp-json\/wp\/v2\/comments?post=29888"}],"wp:featuredmedia":[{"embeddable":true,"href":"https:\/\/promz.be\/fr\/wp-json\/wp\/v2\/media\/29890"}],"wp:attachment":[{"href":"https:\/\/promz.be\/fr\/wp-json\/wp\/v2\/media?parent=29888"}],"wp:term":[{"taxonomy":"product_cat","embeddable":true,"href":"https:\/\/promz.be\/fr\/wp-json\/wp\/v2\/product_cat?post=29888"},{"taxonomy":"product_tag","embeddable":true,"href":"https:\/\/promz.be\/fr\/wp-json\/wp\/v2\/product_tag?post=29888"}],"curies":[{"name":"wp","href":"https:\/\/api.w.org\/{rel}","templated":true}]}}