{"id":29906,"date":"2020-06-12T12:03:06","date_gmt":"2020-06-12T10:03:06","guid":{"rendered":"https:\/\/promz.be\/product\/lingettes-pour-lhygiene-des-mains-ou-surfaces\/"},"modified":"2020-06-12T12:03:06","modified_gmt":"2020-06-12T10:03:06","slug":"lingettes-pour-lhygiene-des-mains-ou-surfaces","status":"publish","type":"product","link":"https:\/\/promz.be\/fr\/product\/lingettes-pour-lhygiene-des-mains-ou-surfaces\/","title":{"rendered":"Lingettes pour l&#8217;hygi\u00e8ne des mains ou surfaces"},"content":{"rendered":"<p><strong>Ces lingettes emball\u00e9es individuellement &#8211; 70% d&#8217;alcool &#8211; impression full color \u00e0 partir de 3.000 pi\u00e8ces &#8211; 2 versions pour les main ou surfaces.<\/strong><\/p>\n<p>Ces lingettes sont individuellement emball\u00e9es et contiennent 70% d&#8217;alcool.<br \/>\nLes sachets sont full color personnalis\u00e9es \u00e0 partir de 3.000 pi\u00e8ces.<br \/>\nDisponibles en 2 versions : pour les mains ou surfaces.<br \/>\nId\u00e9al au bureau, dans la voiture, \u00e0 la maison ou en chemin!<br \/>\nDimension sachet : 80 x 60 mm<br \/>\nDimension lingette : 140 x 170 mm<br \/>\nMat\u00e9riel : non-woven 45gr<br \/>\nFabriqu\u00e9 en Belgique.<\/p>\n","protected":false},"excerpt":{"rendered":"<p><strong>Ces lingettes emball\u00e9es individuellement &#8211; 70% d&#8217;alcool &#8211; impression full color \u00e0 partir de 3.000 pi\u00e8ces &#8211; 2 versions pour les main ou surfaces.<\/strong><\/p>\n<p>Ces lingettes sont individuellement emball\u00e9es et contiennent 70% d&#8217;alcool.<br \/>\nLes sachets sont full color personnalis\u00e9es \u00e0 partir de 3.000 pi\u00e8ces.<br \/>\nDisponibles en 2 versions : pour les mains ou surfaces.<br \/>\nId\u00e9al au bureau, dans la voiture, \u00e0 la maison ou en chemin!<br \/>\nDimension sachet : 80 x 60 mm<br \/>\nDimension lingette : 140 x 170 mm<br \/>\nMat\u00e9riel : non-woven 45gr<br \/>\nFabriqu\u00e9 en Belgique. [&#8230;]<\/p>\n<p><a class=\"btn btn-secondary understrap-read-more-link\" href=\"https:\/\/promz.be\/fr\/product\/lingettes-pour-lhygiene-des-mains-ou-surfaces\/\">Lire la suite&#8230;<\/a><\/p>\n","protected":false},"featured_media":29901,"comment_status":"open","ping_status":"closed","template":"","meta":[],"product_cat":[961,974,1014,952,982,986,988,950,1035,951,948,957,1001,954,949],"product_tag":[],"_links":{"self":[{"href":"https:\/\/promz.be\/fr\/wp-json\/wp\/v2\/product\/29906"}],"collection":[{"href":"https:\/\/promz.be\/fr\/wp-json\/wp\/v2\/product"}],"about":[{"href":"https:\/\/promz.be\/fr\/wp-json\/wp\/v2\/types\/product"}],"replies":[{"embeddable":true,"href":"https:\/\/promz.be\/fr\/wp-json\/wp\/v2\/comments?post=29906"}],"wp:featuredmedia":[{"embeddable":true,"href":"https:\/\/promz.be\/fr\/wp-json\/wp\/v2\/media\/29901"}],"wp:attachment":[{"href":"https:\/\/promz.be\/fr\/wp-json\/wp\/v2\/media?parent=29906"}],"wp:term":[{"taxonomy":"product_cat","embeddable":true,"href":"https:\/\/promz.be\/fr\/wp-json\/wp\/v2\/product_cat?post=29906"},{"taxonomy":"product_tag","embeddable":true,"href":"https:\/\/promz.be\/fr\/wp-json\/wp\/v2\/product_tag?post=29906"}],"curies":[{"name":"wp","href":"https:\/\/api.w.org\/{rel}","templated":true}]}}