{"id":31503,"date":"2020-10-12T09:03:21","date_gmt":"2020-10-12T07:03:21","guid":{"rendered":"https:\/\/promz.be\/product\/cartes-cadeaux\/"},"modified":"2020-10-12T09:03:21","modified_gmt":"2020-10-12T07:03:21","slug":"cartes-cadeaux","status":"publish","type":"product","link":"https:\/\/promz.be\/fr\/product\/cartes-cadeaux\/","title":{"rendered":"Cartes-cadeaux"},"content":{"rendered":"<p>Envie de surprendre agr\u00e9ablement vos clients ou collaborateurs ? Vous ferez mouche \u00e0 tous les coups avec une carte-cadeau. La personne qui re\u00e7oit la carte-cadeau profite d\u2019une offre \u00e9tendue non loin de chez elle dans les plus de 500 magasins de Colruyt Group en Belgique.<\/p>\n<p>Vos avantages:<br \/>\n&#8211; La carte est valable sur les aliments et les non-alimentaires.<br \/>\n&#8211; Adapt\u00e9 \u00e0 votre organisation. Choisissez la carte-cadeau qui vous convient et personnalisez-la gratuitement avec votre logo.<br \/>\n&#8211; Disponible en version papier ou num\u00e9rique.<br \/>\n&#8211; La carte pr\u00e9sente un avantage financier consid\u00e9rable.<br \/>\n&#8211; Les utilisateurs peuvent payer chez de nombreux partenaires avec une seule carte.<\/p>\n","protected":false},"excerpt":{"rendered":"<p>Envie de surprendre agr\u00e9ablement vos clients ou collaborateurs ? Vous ferez mouche \u00e0 tous les coups avec une carte-cadeau. La personne qui re\u00e7oit la carte-cadeau profite d\u2019une offre \u00e9tendue non loin de chez elle dans les plus de 500 magasins de Colruyt Group en Belgique.<\/p>\n<p>Vos avantages:<br \/>\n&#8211; La carte est valable sur les aliments et les non-alimentaires.<br \/>\n&#8211; Adapt\u00e9 \u00e0 votre organisation. Choisissez la carte-cadeau qui vous convient et personnalisez-la gratuitement avec votre logo.<br \/>\n&#8211; Disponible en version papier ou num\u00e9rique.<br \/>\n&#8211; La carte pr\u00e9sente un avantage financier consid\u00e9rable.<br \/>\n&#8211; Les utilisateurs peuvent payer chez de nombreux partenaires avec une seule carte. [&#8230;]<\/p>\n<p><a class=\"btn btn-secondary understrap-read-more-link\" href=\"https:\/\/promz.be\/fr\/product\/cartes-cadeaux\/\">Lire la suite&#8230;<\/a><\/p>\n","protected":false},"featured_media":31502,"comment_status":"open","ping_status":"closed","template":"","meta":[],"product_cat":[984,975],"product_tag":[8376],"_links":{"self":[{"href":"https:\/\/promz.be\/fr\/wp-json\/wp\/v2\/product\/31503"}],"collection":[{"href":"https:\/\/promz.be\/fr\/wp-json\/wp\/v2\/product"}],"about":[{"href":"https:\/\/promz.be\/fr\/wp-json\/wp\/v2\/types\/product"}],"replies":[{"embeddable":true,"href":"https:\/\/promz.be\/fr\/wp-json\/wp\/v2\/comments?post=31503"}],"wp:featuredmedia":[{"embeddable":true,"href":"https:\/\/promz.be\/fr\/wp-json\/wp\/v2\/media\/31502"}],"wp:attachment":[{"href":"https:\/\/promz.be\/fr\/wp-json\/wp\/v2\/media?parent=31503"}],"wp:term":[{"taxonomy":"product_cat","embeddable":true,"href":"https:\/\/promz.be\/fr\/wp-json\/wp\/v2\/product_cat?post=31503"},{"taxonomy":"product_tag","embeddable":true,"href":"https:\/\/promz.be\/fr\/wp-json\/wp\/v2\/product_tag?post=31503"}],"curies":[{"name":"wp","href":"https:\/\/api.w.org\/{rel}","templated":true}]}}