{"id":31507,"date":"2020-10-12T09:10:02","date_gmt":"2020-10-12T07:10:02","guid":{"rendered":"https:\/\/promz.be\/product\/xtra-present-programme-de-fidelisation\/"},"modified":"2020-10-12T09:10:02","modified_gmt":"2020-10-12T07:10:02","slug":"xtra-present-programme-de-fidelisation","status":"publish","type":"product","link":"https:\/\/promz.be\/fr\/product\/xtra-present-programme-de-fidelisation\/","title":{"rendered":"Xtra Present programme de fid\u00e9lisation"},"content":{"rendered":"<p>Xtra Present, le programme de fid\u00e9lit\u00e9 de ColliShop Professional, vous permet de remercier ou motiver votre personnel, vos clients, collaborateurs ou partenaires de diff\u00e9rentes mani\u00e8res avec des avantages et services int\u00e9ressants.<\/p>\n<p>\u00c9laborez votre propre programme de fid\u00e9lisation<br \/>\n&#8211; Lancez une offre de groupe.<br \/>\n&#8211; Distribuez des vouchers.<br \/>\n&#8211; Ou faites les deux !<\/p>\n<p>Nous offrons \u00e0 votre organisation:<br \/>\n&#8211; Notre expertise en fid\u00e9lisation<br \/>\n&#8211; Un gain de temps et d\u2019argent<br \/>\n&#8211; Une position unique sur le march\u00e9<\/p>\n<p>En savoir plus ?<br \/>\nAppelez-nous au 02 363 51 50, envoyez un mail \u00e0 <a href=\"mailto:info@collishopprofessional.be\">info@collishopprofessional.be<\/a> ou d\u00e9couvrez notre offre sur <a href=\"http:\/\/www.collishoprofessional.be\">www.collishoprofessional.be<\/a>.<\/p>\n<p><a href=\"https:\/\/www.youtube.com\/watch?v=tx9-P01iBFQ&amp;feature=emb_logo\">https:\/\/www.youtube.com\/watch?v=tx9-P01iBFQ&amp;feature=emb_logo<\/a><\/p>\n","protected":false},"excerpt":{"rendered":"<p>Xtra Present, le programme de fid\u00e9lit\u00e9 de ColliShop Professional, vous permet de remercier ou motiver votre personnel, vos clients, collaborateurs ou partenaires de diff\u00e9rentes mani\u00e8res avec des avantages et services int\u00e9ressants.<\/p>\n<p>\u00c9laborez votre propre programme de fid\u00e9lisation<br \/>\n&#8211; Lancez une offre de groupe.<br \/>\n&#8211; Distribuez des vouchers.<br \/>\n&#8211; Ou faites les deux !<\/p>\n<p>Nous offrons \u00e0 votre organisation:<br \/>\n&#8211; Notre expertise en fid\u00e9lisation<br \/>\n&#8211; Un gain de temps et d\u2019argent<br \/>\n&#8211; Une position unique sur le march\u00e9<\/p>\n<p>En savoir plus ?<br \/>\nAppelez-nous au 02 363 51 50, envoyez un mail \u00e0 <a href=\"mailto:info@collishopprofessional.be\">info@collishopprofessional.be<\/a> ou d\u00e9couvrez notre offre sur <a href=\"http:\/\/www.collishoprofessional.be\">www.collishoprofessional.be<\/a>.<\/p>\n<p><a href=\"https:\/\/www.youtube.com\/watch?v=tx9-P01iBFQ&amp;feature=emb_logo\">https:\/\/www.youtube.com\/watch?v=tx9-P01iBFQ&amp;feature=emb_logo<\/a> [&#8230;]<\/p>\n<p><a class=\"btn btn-secondary understrap-read-more-link\" href=\"https:\/\/promz.be\/fr\/product\/xtra-present-programme-de-fidelisation\/\">Lire la suite&#8230;<\/a><\/p>\n","protected":false},"featured_media":31506,"comment_status":"open","ping_status":"closed","template":"","meta":[],"product_cat":[975,3751,1000],"product_tag":[8376],"_links":{"self":[{"href":"https:\/\/promz.be\/fr\/wp-json\/wp\/v2\/product\/31507"}],"collection":[{"href":"https:\/\/promz.be\/fr\/wp-json\/wp\/v2\/product"}],"about":[{"href":"https:\/\/promz.be\/fr\/wp-json\/wp\/v2\/types\/product"}],"replies":[{"embeddable":true,"href":"https:\/\/promz.be\/fr\/wp-json\/wp\/v2\/comments?post=31507"}],"wp:featuredmedia":[{"embeddable":true,"href":"https:\/\/promz.be\/fr\/wp-json\/wp\/v2\/media\/31506"}],"wp:attachment":[{"href":"https:\/\/promz.be\/fr\/wp-json\/wp\/v2\/media?parent=31507"}],"wp:term":[{"taxonomy":"product_cat","embeddable":true,"href":"https:\/\/promz.be\/fr\/wp-json\/wp\/v2\/product_cat?post=31507"},{"taxonomy":"product_tag","embeddable":true,"href":"https:\/\/promz.be\/fr\/wp-json\/wp\/v2\/product_tag?post=31507"}],"curies":[{"name":"wp","href":"https:\/\/api.w.org\/{rel}","templated":true}]}}