{"id":34420,"date":"2020-10-30T00:00:00","date_gmt":"2020-10-29T23:00:00","guid":{"rendered":"https:\/\/promz.be\/?post_type=product&#038;p=34420"},"modified":"2021-04-16T17:04:01","modified_gmt":"2021-04-16T15:04:01","slug":"set-de-bar-6-pieces-shaker-mesure-de-bar-passoire-cuillere-seau-a-glace-et-pinces","status":"publish","type":"product","link":"https:\/\/promz.be\/fr\/product\/set-de-bar-6-pieces-shaker-mesure-de-bar-passoire-cuillere-seau-a-glace-et-pinces\/","title":{"rendered":"Set de bar, 6 pi\u00e8ces (shaker, mesure de bar, passoire, cuill\u00e8re, seau \u00e0 glace et pinces)"},"content":{"rendered":"<p>Cet ensemble de bar Leopold Vienna compos\u00e9 de 6\u00a0pi\u00e8ces contient tout ce dont vous avez besoin pour pr\u00e9parer un d\u00e9licieux cocktail. Cet ensemble se compose d\u2019un shaker \u00e0 cocktail, d\u2019un jigger, d\u2019un seau \u00e0 glace, d\u2019une pince \u00e0 glace, d\u2019un tamis \u00e0 cocktail et d\u2019une cuill\u00e8re \u00e0 cocktail. Vous avez tout \u00e0 port\u00e9e de main pour cr\u00e9er un cocktail, comme un vrai professionnel. Toutes les pi\u00e8ces sont en acier inoxydable de haute qualit\u00e9 et vont au lave-vaisselle. Une chouette id\u00e9e cadeau\u00a0!<\/p>\n<p>\u00a0<\/p>\n","protected":false},"excerpt":{"rendered":"<p>Cet ensemble de bar Leopold Vienna compos\u00e9 de 6\u00a0pi\u00e8ces contient tout ce dont vous avez besoin pour pr\u00e9parer un d\u00e9licieux cocktail. Cet ensemble se compose d\u2019un shaker \u00e0 cocktail, d\u2019un jigger, d\u2019un seau \u00e0 glace, d\u2019une pince \u00e0 glace, d\u2019un tamis \u00e0 cocktail et d\u2019une cuill\u00e8re \u00e0 cocktail. Vous avez tout \u00e0 port\u00e9e de main pour cr\u00e9er un cocktail, comme un vrai professionnel. Toutes les pi\u00e8ces sont en acier inoxydable de haute qualit\u00e9 et vont au lave-vaisselle. Une chouette id\u00e9e cadeau\u00a0! [&#8230;]<\/p>\n<p><a class=\"btn btn-secondary understrap-read-more-link\" href=\"https:\/\/promz.be\/fr\/product\/set-de-bar-6-pieces-shaker-mesure-de-bar-passoire-cuillere-seau-a-glace-et-pinces\/\">Lire la suite&#8230;<\/a><\/p>\n","protected":false},"featured_media":34288,"comment_status":"closed","ping_status":"open","template":"","meta":[],"product_cat":[979,947,988,950,1036],"product_tag":[],"_links":{"self":[{"href":"https:\/\/promz.be\/fr\/wp-json\/wp\/v2\/product\/34420"}],"collection":[{"href":"https:\/\/promz.be\/fr\/wp-json\/wp\/v2\/product"}],"about":[{"href":"https:\/\/promz.be\/fr\/wp-json\/wp\/v2\/types\/product"}],"replies":[{"embeddable":true,"href":"https:\/\/promz.be\/fr\/wp-json\/wp\/v2\/comments?post=34420"}],"wp:featuredmedia":[{"embeddable":true,"href":"https:\/\/promz.be\/fr\/wp-json\/wp\/v2\/media\/34288"}],"wp:attachment":[{"href":"https:\/\/promz.be\/fr\/wp-json\/wp\/v2\/media?parent=34420"}],"wp:term":[{"taxonomy":"product_cat","embeddable":true,"href":"https:\/\/promz.be\/fr\/wp-json\/wp\/v2\/product_cat?post=34420"},{"taxonomy":"product_tag","embeddable":true,"href":"https:\/\/promz.be\/fr\/wp-json\/wp\/v2\/product_tag?post=34420"}],"curies":[{"name":"wp","href":"https:\/\/api.w.org\/{rel}","templated":true}]}}