{"id":34435,"date":"2020-07-03T00:00:00","date_gmt":"2020-07-02T22:00:00","guid":{"rendered":"https:\/\/promz.be\/?post_type=product&#038;p=34435"},"modified":"2021-04-16T17:03:53","modified_gmt":"2021-04-16T15:03:53","slug":"moulin-a-cafe-bologna","status":"publish","type":"product","link":"https:\/\/promz.be\/fr\/product\/moulin-a-cafe-bologna\/","title":{"rendered":"Moulin \u00e0 caf\u00e9 Bologna"},"content":{"rendered":"<p>Il n\u2019y a rien de meilleur que du caf\u00e9 fra\u00eechement moulu. Avec ce moulin \u00e0 caf\u00e9, vous obtenez des grains fra\u00eechement moulus en un tour de main, au sens propre du terme. Remplissez le moulin avec la quantit\u00e9 souhait\u00e9e et r\u00e9glez le degr\u00e9 de broyage. Tournez la poign\u00e9e, et c\u2019est pr\u00eat ! Le caf\u00e9 moulu est pr\u00eat \u00e0 \u00eatre utilis\u00e9, par exemple, dans une cafeti\u00e8re \u00e0 piston ou comme caf\u00e9 filtre. Impossible d\u2019obtenir du caf\u00e9 plus frais !<\/p>\n<p>\u00a0<\/p>\n","protected":false},"excerpt":{"rendered":"<p>Il n\u2019y a rien de meilleur que du caf\u00e9 fra\u00eechement moulu. Avec ce moulin \u00e0 caf\u00e9, vous obtenez des grains fra\u00eechement moulus en un tour de main, au sens propre du terme. Remplissez le moulin avec la quantit\u00e9 souhait\u00e9e et r\u00e9glez le degr\u00e9 de broyage. Tournez la poign\u00e9e, et c\u2019est pr\u00eat ! Le caf\u00e9 moulu est pr\u00eat \u00e0 \u00eatre utilis\u00e9, par exemple, dans une cafeti\u00e8re \u00e0 piston ou comme caf\u00e9 filtre. Impossible d\u2019obtenir du caf\u00e9 plus frais ! [&#8230;]<\/p>\n<p><a class=\"btn btn-secondary understrap-read-more-link\" href=\"https:\/\/promz.be\/fr\/product\/moulin-a-cafe-bologna\/\">Lire la suite&#8230;<\/a><\/p>\n","protected":false},"featured_media":34280,"comment_status":"closed","ping_status":"open","template":"","meta":[],"product_cat":[947,986,988,950,995,957],"product_tag":[],"_links":{"self":[{"href":"https:\/\/promz.be\/fr\/wp-json\/wp\/v2\/product\/34435"}],"collection":[{"href":"https:\/\/promz.be\/fr\/wp-json\/wp\/v2\/product"}],"about":[{"href":"https:\/\/promz.be\/fr\/wp-json\/wp\/v2\/types\/product"}],"replies":[{"embeddable":true,"href":"https:\/\/promz.be\/fr\/wp-json\/wp\/v2\/comments?post=34435"}],"wp:featuredmedia":[{"embeddable":true,"href":"https:\/\/promz.be\/fr\/wp-json\/wp\/v2\/media\/34280"}],"wp:attachment":[{"href":"https:\/\/promz.be\/fr\/wp-json\/wp\/v2\/media?parent=34435"}],"wp:term":[{"taxonomy":"product_cat","embeddable":true,"href":"https:\/\/promz.be\/fr\/wp-json\/wp\/v2\/product_cat?post=34435"},{"taxonomy":"product_tag","embeddable":true,"href":"https:\/\/promz.be\/fr\/wp-json\/wp\/v2\/product_tag?post=34435"}],"curies":[{"name":"wp","href":"https:\/\/api.w.org\/{rel}","templated":true}]}}