{"id":34437,"date":"2020-11-09T00:00:00","date_gmt":"2020-11-08T23:00:00","guid":{"rendered":"https:\/\/promz.be\/?post_type=product&#038;p=34437"},"modified":"2021-04-16T17:03:56","modified_gmt":"2021-04-16T15:03:56","slug":"refraichisseur-a-double-paroi-acier-inoxydable-noir-mat-2","status":"publish","type":"product","link":"https:\/\/promz.be\/fr\/product\/refraichisseur-a-double-paroi-acier-inoxydable-noir-mat-2\/","title":{"rendered":"Refra\u00eechisseur \u00e0 double paroi, acier inoxydable noir mat"},"content":{"rendered":"<p>La Collection Bar pr\u00e9sente le design unique de Leopold Vienna\u00a0! Boire du champagne devient une f\u00eate avec ce refroidisseur de champagne. Fabriqu\u00e9 en acier inoxydable \u00e0 double paroi avec une finition noir mat.<\/p>\n<p>\u00a0<\/p>\n","protected":false},"excerpt":{"rendered":"<p>La Collection Bar pr\u00e9sente le design unique de Leopold Vienna\u00a0! Boire du champagne devient une f\u00eate avec ce refroidisseur de champagne. Fabriqu\u00e9 en acier inoxydable \u00e0 double paroi avec une finition noir mat. [&#8230;]<\/p>\n<p><a class=\"btn btn-secondary understrap-read-more-link\" href=\"https:\/\/promz.be\/fr\/product\/refraichisseur-a-double-paroi-acier-inoxydable-noir-mat-2\/\">Lire la suite&#8230;<\/a><\/p>\n","protected":false},"featured_media":34286,"comment_status":"closed","ping_status":"open","template":"","meta":[],"product_cat":[947,986,988,950,957,1036],"product_tag":[],"_links":{"self":[{"href":"https:\/\/promz.be\/fr\/wp-json\/wp\/v2\/product\/34437"}],"collection":[{"href":"https:\/\/promz.be\/fr\/wp-json\/wp\/v2\/product"}],"about":[{"href":"https:\/\/promz.be\/fr\/wp-json\/wp\/v2\/types\/product"}],"replies":[{"embeddable":true,"href":"https:\/\/promz.be\/fr\/wp-json\/wp\/v2\/comments?post=34437"}],"wp:featuredmedia":[{"embeddable":true,"href":"https:\/\/promz.be\/fr\/wp-json\/wp\/v2\/media\/34286"}],"wp:attachment":[{"href":"https:\/\/promz.be\/fr\/wp-json\/wp\/v2\/media?parent=34437"}],"wp:term":[{"taxonomy":"product_cat","embeddable":true,"href":"https:\/\/promz.be\/fr\/wp-json\/wp\/v2\/product_cat?post=34437"},{"taxonomy":"product_tag","embeddable":true,"href":"https:\/\/promz.be\/fr\/wp-json\/wp\/v2\/product_tag?post=34437"}],"curies":[{"name":"wp","href":"https:\/\/api.w.org\/{rel}","templated":true}]}}