{"id":34513,"date":"2019-04-20T17:08:02","date_gmt":"2021-04-20T15:08:02","guid":{"rendered":"https:\/\/promz.be\/product\/housse-de-couette-avec-logo\/"},"modified":"2021-04-20T17:08:02","modified_gmt":"2021-04-20T15:08:02","slug":"housse-de-couette-avec-logo","status":"publish","type":"product","link":"https:\/\/promz.be\/fr\/product\/housse-de-couette-avec-logo\/","title":{"rendered":"Housse de couette avec logo"},"content":{"rendered":"<p>Aimeriez-vous render votre maison (plus) confortable?<br \/>\nAlors les produits Mistral Home sont parfaits pour vous ou vous pouvez les utiliser comme cadeau d&#8217;affaires. Alors les produits Mistral Home sont parfaits pour vous. Vous pouvez m\u00eame les utiliser comme cadeau d\u2019affaires ou\/et les personnaliser avec un message publicitaire.<\/p>\n<p>Ou bien souhaitez-vous utiliser un plaid personnalis\u00e9 pour une campagne &#8221; gagner ou sauvegarder &#8221; ? Alors Mistral Home est l&#8217;endroit id\u00e9al pour vous. Gr\u00e2ce \u00e0 nos merveilleux mat\u00e9riaux, notre design \u00e9l\u00e9gant et notre qualit\u00e9 sup\u00e9rieure durable, vous pouvez cr\u00e9er une v\u00e9ritable atmosph\u00e8re. Sur la table, dans le lit ou dans le canap\u00e9. Mistral Home propose aux consommateurs des textiles d&#8217;int\u00e9rieur de haute qualit\u00e9 \u00e0 des prix raisonnables.<\/p>\n<p>Nous rendons la cr\u00e9ation textile accessible \u00e0 un grand nombre de m\u00e9nages. En Europe, et bient\u00f4t aussi en Afrique et en Asie. Cela rend la vie, le coucher et les repas un peu plus agr\u00e9ables pour un grand nombre de personnes dans le monde entier. La s\u00e9curit\u00e9 des produits est tr\u00e8s importante pour nous.<\/p>\n<p>D\u00e9couvrez \u00e9galement les petites et grandes actions que nous entreprenons \u00e0 Mistral Home pour contribuer \u00e0 la construction d&#8217;un monde meilleur sur <a href=\"https:\/\/www.mistralhome.com\" target=\"_blank\" rel=\"noopener\">www.mistralhome.com<\/a>.<\/p>\n<p>Suivez-nous sur Facebook, Pinterest, Instagram et YouTube !<\/p>\n","protected":false},"excerpt":{"rendered":"<p>Aimeriez-vous render votre maison (plus) confortable?<br \/>\nAlors les produits Mistral Home sont parfaits pour vous ou vous pouvez les utiliser comme cadeau d&#8217;affaires. Alors les produits Mistral Home sont parfaits pour vous. Vous pouvez m\u00eame les utiliser comme cadeau d\u2019affaires ou\/et les personnaliser avec un message publicitaire.<\/p>\n<p>Ou bien souhaitez-vous utiliser un plaid personnalis\u00e9 pour une campagne &#8221; gagner ou sauvegarder &#8221; ? Alors Mistral Home est l&#8217;endroit id\u00e9al pour vous. Gr\u00e2ce \u00e0 nos merveilleux mat\u00e9riaux, notre design \u00e9l\u00e9gant et notre qualit\u00e9 sup\u00e9rieure durable, vous pouvez cr\u00e9er une v\u00e9ritable atmosph\u00e8re. Sur la table, dans le lit ou dans le canap\u00e9. Mistral Home propose aux consommateurs des textiles d&#8217;int\u00e9rieur de haute qualit\u00e9 \u00e0 des prix raisonnables.<\/p>\n<p>Nous rendons la cr\u00e9ation textile accessible \u00e0 un grand nombre de m\u00e9nages. En Europe, et bient\u00f4t aussi en Afrique et en Asie. Cela rend la vie, le coucher et les repas un peu plus agr\u00e9ables pour un grand nombre de personnes dans le monde entier. La s\u00e9curit\u00e9 des produits est tr\u00e8s importante pour nous.<\/p>\n<p>D\u00e9couvrez \u00e9galement les petites et grandes actions que nous entreprenons \u00e0 Mistral Home pour contribuer \u00e0 la construction d&#8217;un monde meilleur sur <a href=\"https:\/\/www.mistralhome.com\" target=\"_blank\" rel=\"noopener\">www.mistralhome.com<\/a>.<\/p>\n<p>Suivez-nous sur Facebook, Pinterest, Instagram et YouTube ! [&#8230;]<\/p>\n<p><a class=\"btn btn-secondary understrap-read-more-link\" href=\"https:\/\/promz.be\/fr\/product\/housse-de-couette-avec-logo\/\">Lire la suite&#8230;<\/a><\/p>\n","protected":false},"featured_media":34512,"comment_status":"open","ping_status":"closed","template":"","meta":[],"product_cat":[988,950,949,963],"product_tag":[],"_links":{"self":[{"href":"https:\/\/promz.be\/fr\/wp-json\/wp\/v2\/product\/34513"}],"collection":[{"href":"https:\/\/promz.be\/fr\/wp-json\/wp\/v2\/product"}],"about":[{"href":"https:\/\/promz.be\/fr\/wp-json\/wp\/v2\/types\/product"}],"replies":[{"embeddable":true,"href":"https:\/\/promz.be\/fr\/wp-json\/wp\/v2\/comments?post=34513"}],"wp:featuredmedia":[{"embeddable":true,"href":"https:\/\/promz.be\/fr\/wp-json\/wp\/v2\/media\/34512"}],"wp:attachment":[{"href":"https:\/\/promz.be\/fr\/wp-json\/wp\/v2\/media?parent=34513"}],"wp:term":[{"taxonomy":"product_cat","embeddable":true,"href":"https:\/\/promz.be\/fr\/wp-json\/wp\/v2\/product_cat?post=34513"},{"taxonomy":"product_tag","embeddable":true,"href":"https:\/\/promz.be\/fr\/wp-json\/wp\/v2\/product_tag?post=34513"}],"curies":[{"name":"wp","href":"https:\/\/api.w.org\/{rel}","templated":true}]}}