{"id":34583,"date":"2021-05-03T13:33:23","date_gmt":"2021-05-03T11:40:28","guid":{"rendered":"https:\/\/promz.be\/?post_type=product&#038;p=34583"},"modified":"2021-05-03T13:40:28","modified_gmt":"2021-05-03T11:40:28","slug":"pour-les-amateurs-de-chocolat-uniquement","status":"publish","type":"product","link":"https:\/\/promz.be\/fr\/product\/pour-les-amateurs-de-chocolat-uniquement\/","title":{"rendered":"Pour les amateurs de chocolat uniquement\u2026"},"content":{"rendered":"<p><strong>Personnalisez la l\u00e9gendaire barre Toblerone, barre Milka et biscuits Oreo avec du texte sympa ou votre nom dessus, \u00e0 partir d&#8217;un minimum de 50 pi\u00e8ces.<\/strong><\/p>\n<p><a href=\"https:\/\/www.vanbavel.be\/\">Van Bavel<\/a>\u00a0|\u00a0<a href=\"mailto:info@vanbavel.be\">info@vanbavel.be<\/a>\u00a0|\u00a0<a href=\"callto:+32(0)34439770\">+32(0)3 443 97 70<\/a><\/p>\n","protected":false},"excerpt":{"rendered":"<p><strong>Personnalisez la l\u00e9gendaire barre Toblerone, barre Milka et biscuits Oreo avec du texte sympa ou votre nom dessus, \u00e0 partir d&#8217;un minimum de 50 pi\u00e8ces.<\/strong><\/p>\n<p><a href=\"https:\/\/www.vanbavel.be\/\">Van Bavel<\/a>\u00a0|\u00a0<a href=\"mailto:info@vanbavel.be\">info@vanbavel.be<\/a>\u00a0|\u00a0<a href=\"callto:+32(0)34439770\">+32(0)3 443 97 70<\/a> [&#8230;]<\/p>\n<p><a class=\"btn btn-secondary understrap-read-more-link\" href=\"https:\/\/promz.be\/fr\/product\/pour-les-amateurs-de-chocolat-uniquement\/\">Lire la suite&#8230;<\/a><\/p>\n","protected":false},"featured_media":34579,"comment_status":"open","ping_status":"closed","template":"","meta":[],"product_cat":[947,977,1001],"product_tag":[],"_links":{"self":[{"href":"https:\/\/promz.be\/fr\/wp-json\/wp\/v2\/product\/34583"}],"collection":[{"href":"https:\/\/promz.be\/fr\/wp-json\/wp\/v2\/product"}],"about":[{"href":"https:\/\/promz.be\/fr\/wp-json\/wp\/v2\/types\/product"}],"replies":[{"embeddable":true,"href":"https:\/\/promz.be\/fr\/wp-json\/wp\/v2\/comments?post=34583"}],"wp:featuredmedia":[{"embeddable":true,"href":"https:\/\/promz.be\/fr\/wp-json\/wp\/v2\/media\/34579"}],"wp:attachment":[{"href":"https:\/\/promz.be\/fr\/wp-json\/wp\/v2\/media?parent=34583"}],"wp:term":[{"taxonomy":"product_cat","embeddable":true,"href":"https:\/\/promz.be\/fr\/wp-json\/wp\/v2\/product_cat?post=34583"},{"taxonomy":"product_tag","embeddable":true,"href":"https:\/\/promz.be\/fr\/wp-json\/wp\/v2\/product_tag?post=34583"}],"curies":[{"name":"wp","href":"https:\/\/api.w.org\/{rel}","templated":true}]}}