{"id":34584,"date":"2021-05-03T13:45:38","date_gmt":"2021-05-03T11:45:59","guid":{"rendered":"https:\/\/promz.be\/?post_type=product&#038;p=34584"},"modified":"2021-05-03T13:45:59","modified_gmt":"2021-05-03T11:45:59","slug":"stylos-antibacteriens-senator","status":"publish","type":"product","link":"https:\/\/promz.be\/fr\/product\/stylos-antibacteriens-senator\/","title":{"rendered":"Stylos antibact\u00e9riens Senator\u00ae"},"content":{"rendered":"<p><strong>Stylos \u00e0 bille avec protection antibact\u00e9rienne &amp; antivirale en surface pendant toute la dur\u00e9e d&#8217;utilisation, 3 mod\u00e8les. Production de l&#8217;UE.<\/strong><\/p>\n<p><a href=\"https:\/\/www.vanbavel.be\/\">Van Bavel<\/a>\u00a0|\u00a0<a href=\"mailto:info@vanbavel.be\">info@vanbavel.be<\/a>\u00a0|\u00a0<a href=\"callto:+32(0)34439770\">+32(0)3 443 97 70<\/a><\/p>\n","protected":false},"excerpt":{"rendered":"<p><strong>Stylos \u00e0 bille avec protection antibact\u00e9rienne &amp; antivirale en surface pendant toute la dur\u00e9e d&#8217;utilisation, 3 mod\u00e8les. Production de l&#8217;UE.<\/strong><\/p>\n<p><a href=\"https:\/\/www.vanbavel.be\/\">Van Bavel<\/a>\u00a0|\u00a0<a href=\"mailto:info@vanbavel.be\">info@vanbavel.be<\/a>\u00a0|\u00a0<a href=\"callto:+32(0)34439770\">+32(0)3 443 97 70<\/a> [&#8230;]<\/p>\n<p><a class=\"btn btn-secondary understrap-read-more-link\" href=\"https:\/\/promz.be\/fr\/product\/stylos-antibacteriens-senator\/\">Lire la suite&#8230;<\/a><\/p>\n","protected":false},"featured_media":34582,"comment_status":"open","ping_status":"closed","template":"","meta":[],"product_cat":[974,951,948,1001,1010],"product_tag":[],"_links":{"self":[{"href":"https:\/\/promz.be\/fr\/wp-json\/wp\/v2\/product\/34584"}],"collection":[{"href":"https:\/\/promz.be\/fr\/wp-json\/wp\/v2\/product"}],"about":[{"href":"https:\/\/promz.be\/fr\/wp-json\/wp\/v2\/types\/product"}],"replies":[{"embeddable":true,"href":"https:\/\/promz.be\/fr\/wp-json\/wp\/v2\/comments?post=34584"}],"wp:featuredmedia":[{"embeddable":true,"href":"https:\/\/promz.be\/fr\/wp-json\/wp\/v2\/media\/34582"}],"wp:attachment":[{"href":"https:\/\/promz.be\/fr\/wp-json\/wp\/v2\/media?parent=34584"}],"wp:term":[{"taxonomy":"product_cat","embeddable":true,"href":"https:\/\/promz.be\/fr\/wp-json\/wp\/v2\/product_cat?post=34584"},{"taxonomy":"product_tag","embeddable":true,"href":"https:\/\/promz.be\/fr\/wp-json\/wp\/v2\/product_tag?post=34584"}],"curies":[{"name":"wp","href":"https:\/\/api.w.org\/{rel}","templated":true}]}}