{"id":34596,"date":"2021-05-03T16:45:28","date_gmt":"2021-05-03T14:45:28","guid":{"rendered":"https:\/\/promz.be\/product\/bose-incentives-bureau-a-domicile\/"},"modified":"2021-05-03T16:45:28","modified_gmt":"2021-05-03T14:45:28","slug":"bose-incentives-bureau-a-domicile","status":"publish","type":"product","link":"https:\/\/promz.be\/fr\/product\/bose-incentives-bureau-a-domicile\/","title":{"rendered":"Bose Incentives &#038; bureau \u00e0 domicile"},"content":{"rendered":"<p><strong>Les produits Bose comme cadeaux pour les clients fid\u00e8les, incitations pour les employ\u00e9s ou \u00e9quipement de bureau \u00e0 domicile.<\/strong><\/p>\n<p><a href=\"https:\/\/www.attent.gifts\/Bose-B2B.html\">BRYSSE-DERAEDT<\/a>\u00a0|\u00a0<a href=\"mailto:info@attent.gifts\">info@attent.gifts<\/a>\u00a0| Tel +32 50 67.34.86<\/p>\n","protected":false},"excerpt":{"rendered":"<p><strong>Les produits Bose comme cadeaux pour les clients fid\u00e8les, incitations pour les employ\u00e9s ou \u00e9quipement de bureau \u00e0 domicile.<\/strong><\/p>\n<p><a href=\"https:\/\/www.attent.gifts\/Bose-B2B.html\">BRYSSE-DERAEDT<\/a>\u00a0|\u00a0<a href=\"mailto:info@attent.gifts\">info@attent.gifts<\/a>\u00a0| Tel +32 50 67.34.86 [&#8230;]<\/p>\n<p><a class=\"btn btn-secondary understrap-read-more-link\" href=\"https:\/\/promz.be\/fr\/product\/bose-incentives-bureau-a-domicile\/\">Lire la suite&#8230;<\/a><\/p>\n","protected":false},"featured_media":34595,"comment_status":"open","ping_status":"closed","template":"","meta":[],"product_cat":[8744],"product_tag":[],"_links":{"self":[{"href":"https:\/\/promz.be\/fr\/wp-json\/wp\/v2\/product\/34596"}],"collection":[{"href":"https:\/\/promz.be\/fr\/wp-json\/wp\/v2\/product"}],"about":[{"href":"https:\/\/promz.be\/fr\/wp-json\/wp\/v2\/types\/product"}],"replies":[{"embeddable":true,"href":"https:\/\/promz.be\/fr\/wp-json\/wp\/v2\/comments?post=34596"}],"wp:featuredmedia":[{"embeddable":true,"href":"https:\/\/promz.be\/fr\/wp-json\/wp\/v2\/media\/34595"}],"wp:attachment":[{"href":"https:\/\/promz.be\/fr\/wp-json\/wp\/v2\/media?parent=34596"}],"wp:term":[{"taxonomy":"product_cat","embeddable":true,"href":"https:\/\/promz.be\/fr\/wp-json\/wp\/v2\/product_cat?post=34596"},{"taxonomy":"product_tag","embeddable":true,"href":"https:\/\/promz.be\/fr\/wp-json\/wp\/v2\/product_tag?post=34596"}],"curies":[{"name":"wp","href":"https:\/\/api.w.org\/{rel}","templated":true}]}}