{"id":34873,"date":"2018-06-06T00:00:00","date_gmt":"2018-06-05T22:00:00","guid":{"rendered":"https:\/\/promz.be\/?post_type=product&#038;p=34873"},"modified":"2021-05-25T15:11:29","modified_gmt":"2021-05-25T13:11:29","slug":"barbecue-de-table-noir","status":"publish","type":"product","link":"https:\/\/promz.be\/fr\/product\/barbecue-de-table-noir\/","title":{"rendered":"Barbecue de table noir"},"content":{"rendered":"<p>R\u00e9compens\u00e9 par le Red Dot Design Award. Gr\u00e2ce \u00e0 ce barbecue NOMADE, les invit\u00e9s se r\u00e9unissent \u00e0 table pour participer \u00e0 un v\u00e9ritable&#8221; happening social&#8221; avec ce grill \u00e9l\u00e9gant au centre comme une pi\u00e8ce ma\u00eetresse.<\/p>\n<p>Chaque invit\u00e9 est en mesure de faire griller son propre morceau exactement comment il l&#8217;aiment &#8211; et tout en bavardant autour du grill ! On pourra m\u00eame dire que ce BBQ jour une r\u00f4le sociale! Pour le rendre encore plus polyvalent, ce barbecue est le compagnon en plein air absolue: l&#8217;emmener \u00e0 la plage, \u00e0 un endroit de pique-nique, en profiter sur un bateau &#8230;<\/p>\n<p>La sangle de transport pratique porte tous les \u00e9l\u00e9ments en place et permet de le le prendre partout \u00e0 l&#8217;ext\u00e9rieur. Mise en place en peu de temps et pr\u00eat pour griller en un instant gr\u00e2ce au flux d&#8217;air r\u00e9glable. Mat\u00e9riel: Acier carbone, Li\u00e8ge.<\/p>\n<p>Poign\u00e9e: Manches silicone amovibles.<\/p>\n<p>Concepteur: Pieter Roex.<\/p>\n<p>\u00a0<\/p>\n<p>barbecue|bbq|outdoor bbq|barbecue de table<\/p>\n","protected":false},"excerpt":{"rendered":"<p>R\u00e9compens\u00e9 par le Red Dot Design Award. Gr\u00e2ce \u00e0 ce barbecue NOMADE, les invit\u00e9s se r\u00e9unissent \u00e0 table pour participer \u00e0 un v\u00e9ritable&#8221; happening social&#8221; avec ce grill \u00e9l\u00e9gant au centre comme une pi\u00e8ce ma\u00eetresse.<\/p>\n<p>Chaque invit\u00e9 est en mesure de faire griller son propre morceau exactement comment il l&#8217;aiment &#8211; et tout en bavardant autour du grill ! On pourra m\u00eame dire que ce BBQ jour une r\u00f4le sociale! Pour le rendre encore plus polyvalent, ce barbecue est le compagnon en plein air absolue: l&#8217;emmener \u00e0 la plage, \u00e0 un endroit de pique-nique, en profiter sur un bateau &#8230;<\/p>\n<p>La sangle de transport pratique porte tous les \u00e9l\u00e9ments en place et permet de le le prendre partout \u00e0 l&#8217;ext\u00e9rieur. Mise en place en peu de temps et pr\u00eat pour griller en un instant gr\u00e2ce au flux d&#8217;air r\u00e9glable. Mat\u00e9riel: Acier carbone, Li\u00e8ge.<\/p>\n<p>Poign\u00e9e: Manches silicone amovibles.<\/p>\n<p>Concepteur: Pieter Roex. [&#8230;]<\/p>\n<p><a class=\"btn btn-secondary understrap-read-more-link\" href=\"https:\/\/promz.be\/fr\/product\/barbecue-de-table-noir\/\">Lire la suite&#8230;<\/a><\/p>\n","protected":false},"featured_media":13392,"comment_status":"closed","ping_status":"open","template":"","meta":[],"product_cat":[952,988,950,966],"product_tag":[],"_links":{"self":[{"href":"https:\/\/promz.be\/fr\/wp-json\/wp\/v2\/product\/34873"}],"collection":[{"href":"https:\/\/promz.be\/fr\/wp-json\/wp\/v2\/product"}],"about":[{"href":"https:\/\/promz.be\/fr\/wp-json\/wp\/v2\/types\/product"}],"replies":[{"embeddable":true,"href":"https:\/\/promz.be\/fr\/wp-json\/wp\/v2\/comments?post=34873"}],"wp:featuredmedia":[{"embeddable":true,"href":"https:\/\/promz.be\/fr\/wp-json\/wp\/v2\/media\/13392"}],"wp:attachment":[{"href":"https:\/\/promz.be\/fr\/wp-json\/wp\/v2\/media?parent=34873"}],"wp:term":[{"taxonomy":"product_cat","embeddable":true,"href":"https:\/\/promz.be\/fr\/wp-json\/wp\/v2\/product_cat?post=34873"},{"taxonomy":"product_tag","embeddable":true,"href":"https:\/\/promz.be\/fr\/wp-json\/wp\/v2\/product_tag?post=34873"}],"curies":[{"name":"wp","href":"https:\/\/api.w.org\/{rel}","templated":true}]}}