{"id":34875,"date":"2018-07-31T00:00:00","date_gmt":"2018-07-30T22:00:00","guid":{"rendered":"https:\/\/promz.be\/?post_type=product&#038;p=34875"},"modified":"2021-05-25T15:11:31","modified_gmt":"2021-05-25T13:11:31","slug":"presse-citrons-fruits-13-cm","status":"publish","type":"product","link":"https:\/\/promz.be\/fr\/product\/presse-citrons-fruits-13-cm\/","title":{"rendered":"Presse citrons\/fruits 13 cm"},"content":{"rendered":"<p>La ligne Leo de BergHOFF apporte des couleurs ludiques, des formes pures et des textures douces \u00e0 la cuisine. Les poign\u00e9es en bois par rapport aux mati\u00e8res synth\u00e9tiques, les mat\u00e9riaux doux face \u00e0 l&#8217;acier inoxydable, les fibres de li\u00e8ge et de bambou. Le Designer interne de BergHOFF, Pieter Roex, a choisi chaque ressource pour d\u00e9montrer ses qualit\u00e9s particuli\u00e8res en mati\u00e8re de fonction et de design. Une approche qui a attir\u00e9 l&#8217;attention du jury Red Dot Design qui a honor\u00e9 rapidement les estampilles ravioli et le set \u00e0 pizza avec le Red Dot Design award.<\/p>\n<p>Cet outil assure que uniquement \u00a0le jus du citron ou du citron vert fra\u00eechement press\u00e9 est ajout\u00e9 au plat &#8211; juste la saveur et non les p\u00e9pins. Mat\u00e9riel: Reinforced glass-fiber PP.<\/p>\n<p>Ligne de produits: Gamme Leo.<\/p>\n<p>Concepteur: Pieter Roex.<\/p>\n<p>Ext\u00e9rieur: Satin\u00e9.<\/p>\n<p>Poign\u00e9e: PP soft grip.<\/p>\n<p>\u00a0<\/p>\n<p>fruit|presse fruits|presse citrons<\/p>\n","protected":false},"excerpt":{"rendered":"<p>La ligne Leo de BergHOFF apporte des couleurs ludiques, des formes pures et des textures douces \u00e0 la cuisine. Les poign\u00e9es en bois par rapport aux mati\u00e8res synth\u00e9tiques, les mat\u00e9riaux doux face \u00e0 l&#8217;acier inoxydable, les fibres de li\u00e8ge et de bambou. Le Designer interne de BergHOFF, Pieter Roex, a choisi chaque ressource pour d\u00e9montrer ses qualit\u00e9s particuli\u00e8res en mati\u00e8re de fonction et de design. Une approche qui a attir\u00e9 l&#8217;attention du jury Red Dot Design qui a honor\u00e9 rapidement les estampilles ravioli et le set \u00e0 pizza avec le Red Dot Design award.<\/p>\n<p>Cet outil assure que uniquement \u00a0le jus du citron ou du citron vert fra\u00eechement press\u00e9 est ajout\u00e9 au plat &#8211; juste la saveur et non les p\u00e9pins. Mat\u00e9riel: Reinforced glass-fiber PP.<\/p>\n<p>Ligne de produits: Gamme Leo.<\/p>\n<p>Concepteur: Pieter Roex.<\/p>\n<p>Ext\u00e9rieur: Satin\u00e9.<\/p>\n<p>Poign\u00e9e: PP soft grip. [&#8230;]<\/p>\n<p><a class=\"btn btn-secondary understrap-read-more-link\" href=\"https:\/\/promz.be\/fr\/product\/presse-citrons-fruits-13-cm\/\">Lire la suite&#8230;<\/a><\/p>\n","protected":false},"featured_media":13390,"comment_status":"closed","ping_status":"open","template":"","meta":[],"product_cat":[988,950],"product_tag":[],"_links":{"self":[{"href":"https:\/\/promz.be\/fr\/wp-json\/wp\/v2\/product\/34875"}],"collection":[{"href":"https:\/\/promz.be\/fr\/wp-json\/wp\/v2\/product"}],"about":[{"href":"https:\/\/promz.be\/fr\/wp-json\/wp\/v2\/types\/product"}],"replies":[{"embeddable":true,"href":"https:\/\/promz.be\/fr\/wp-json\/wp\/v2\/comments?post=34875"}],"wp:featuredmedia":[{"embeddable":true,"href":"https:\/\/promz.be\/fr\/wp-json\/wp\/v2\/media\/13390"}],"wp:attachment":[{"href":"https:\/\/promz.be\/fr\/wp-json\/wp\/v2\/media?parent=34875"}],"wp:term":[{"taxonomy":"product_cat","embeddable":true,"href":"https:\/\/promz.be\/fr\/wp-json\/wp\/v2\/product_cat?post=34875"},{"taxonomy":"product_tag","embeddable":true,"href":"https:\/\/promz.be\/fr\/wp-json\/wp\/v2\/product_tag?post=34875"}],"curies":[{"name":"wp","href":"https:\/\/api.w.org\/{rel}","templated":true}]}}