{"id":34877,"date":"2018-08-01T00:00:00","date_gmt":"2018-07-31T22:00:00","guid":{"rendered":"https:\/\/promz.be\/?post_type=product&#038;p=34877"},"modified":"2021-05-25T15:11:33","modified_gmt":"2021-05-25T13:11:33","slug":"grattoir","status":"publish","type":"product","link":"https:\/\/promz.be\/fr\/product\/grattoir\/","title":{"rendered":"Grattoir"},"content":{"rendered":"<p>La ligne Leo de BergHOFF apporte des couleurs ludiques, des formes pures et des textures douces \u00e0 la cuisine. Les poign\u00e9es en bois par rapport aux mati\u00e8res synth\u00e9tiques, les mat\u00e9riaux doux face \u00e0 l&#8217;acier inoxydable, les fibres de li\u00e8ge et de bambou. Le Designer interne de BergHOFF, Pieter Roex, a choisi chaque ressource pour d\u00e9montrer ses qualit\u00e9s particuli\u00e8res en mati\u00e8re de fonction et de design. Une approche qui a attir\u00e9 l&#8217;attention du jury Red Dot Design qui a honor\u00e9 rapidement les estampilles ravioli et le set \u00e0 pizza avec le Red Dot Design award.<\/p>\n<p>Le grattoir \u00a0est livr\u00e9 avec des bords droits et arrondis mais flexible \u00a0pour s&#8217;adapter \u00e0 une vari\u00e9t\u00e9 de bols, casseroles et plats Mat\u00e9riel: Reinforced glass-fiber nylon, Silicone.<\/p>\n<p>Ligne de produits: Gamme Leo.<\/p>\n<p>Concepteur: Pieter Roex.<\/p>\n<p>Ext\u00e9rieur: Satin\u00e9.<\/p>\n<p>\u00a0<\/p>\n<p>plat \u00e0 four|patisserie|moule de cuisson<\/p>\n","protected":false},"excerpt":{"rendered":"<p>La ligne Leo de BergHOFF apporte des couleurs ludiques, des formes pures et des textures douces \u00e0 la cuisine. Les poign\u00e9es en bois par rapport aux mati\u00e8res synth\u00e9tiques, les mat\u00e9riaux doux face \u00e0 l&#8217;acier inoxydable, les fibres de li\u00e8ge et de bambou. Le Designer interne de BergHOFF, Pieter Roex, a choisi chaque ressource pour d\u00e9montrer ses qualit\u00e9s particuli\u00e8res en mati\u00e8re de fonction et de design. Une approche qui a attir\u00e9 l&#8217;attention du jury Red Dot Design qui a honor\u00e9 rapidement les estampilles ravioli et le set \u00e0 pizza avec le Red Dot Design award.<\/p>\n<p>Le grattoir \u00a0est livr\u00e9 avec des bords droits et arrondis mais flexible \u00a0pour s&#8217;adapter \u00e0 une vari\u00e9t\u00e9 de bols, casseroles et plats Mat\u00e9riel: Reinforced glass-fiber nylon, Silicone.<\/p>\n<p>Ligne de produits: Gamme Leo.<\/p>\n<p>Concepteur: Pieter Roex.<\/p>\n<p>Ext\u00e9rieur: Satin\u00e9. [&#8230;]<\/p>\n<p><a class=\"btn btn-secondary understrap-read-more-link\" href=\"https:\/\/promz.be\/fr\/product\/grattoir\/\">Lire la suite&#8230;<\/a><\/p>\n","protected":false},"featured_media":13398,"comment_status":"closed","ping_status":"open","template":"","meta":[],"product_cat":[988,950],"product_tag":[],"_links":{"self":[{"href":"https:\/\/promz.be\/fr\/wp-json\/wp\/v2\/product\/34877"}],"collection":[{"href":"https:\/\/promz.be\/fr\/wp-json\/wp\/v2\/product"}],"about":[{"href":"https:\/\/promz.be\/fr\/wp-json\/wp\/v2\/types\/product"}],"replies":[{"embeddable":true,"href":"https:\/\/promz.be\/fr\/wp-json\/wp\/v2\/comments?post=34877"}],"wp:featuredmedia":[{"embeddable":true,"href":"https:\/\/promz.be\/fr\/wp-json\/wp\/v2\/media\/13398"}],"wp:attachment":[{"href":"https:\/\/promz.be\/fr\/wp-json\/wp\/v2\/media?parent=34877"}],"wp:term":[{"taxonomy":"product_cat","embeddable":true,"href":"https:\/\/promz.be\/fr\/wp-json\/wp\/v2\/product_cat?post=34877"},{"taxonomy":"product_tag","embeddable":true,"href":"https:\/\/promz.be\/fr\/wp-json\/wp\/v2\/product_tag?post=34877"}],"curies":[{"name":"wp","href":"https:\/\/api.w.org\/{rel}","templated":true}]}}