{"id":34879,"date":"2018-11-15T00:00:00","date_gmt":"2018-11-14T23:00:00","guid":{"rendered":"https:\/\/promz.be\/?post_type=product&#038;p=34879"},"modified":"2021-05-25T15:11:35","modified_gmt":"2021-05-25T13:11:35","slug":"eplucheur-horizontal-avec-zester","status":"publish","type":"product","link":"https:\/\/promz.be\/fr\/product\/eplucheur-horizontal-avec-zester\/","title":{"rendered":"Eplucheur horizontal avec zester"},"content":{"rendered":"<p>Avec sa lame tranchante en acier inoxydable, cet \u00e9plucheur polyvalent en Y est parfait pour l&#8217;\u00e9pluchage rapide et facile de toutes sortes de fruits et l\u00e9gumes. Il se faufile m\u00eame sous les peaux les plus r\u00e9sistantes et s&#8217;adapte \u00e0 votre main comme un gant gr\u00e2ce \u00e0 sa poign\u00e9e ergonomique et douce au toucher. L&#8217;ergot int\u00e9gr\u00e9 pour retirer les yeux des l\u00e9gumes vous aide \u00e0 \u00e9liminer les imperfections en un simple geste.<\/p>\n<p>\u00a0<\/p>\n<p>trancher|rasper|trancheur<\/p>\n","protected":false},"excerpt":{"rendered":"<p>Avec sa lame tranchante en acier inoxydable, cet \u00e9plucheur polyvalent en Y est parfait pour l&#8217;\u00e9pluchage rapide et facile de toutes sortes de fruits et l\u00e9gumes. Il se faufile m\u00eame sous les peaux les plus r\u00e9sistantes et s&#8217;adapte \u00e0 votre main comme un gant gr\u00e2ce \u00e0 sa poign\u00e9e ergonomique et douce au toucher. L&#8217;ergot int\u00e9gr\u00e9 pour retirer les yeux des l\u00e9gumes vous aide \u00e0 \u00e9liminer les imperfections en un simple geste. [&#8230;]<\/p>\n<p><a class=\"btn btn-secondary understrap-read-more-link\" href=\"https:\/\/promz.be\/fr\/product\/eplucheur-horizontal-avec-zester\/\">Lire la suite&#8230;<\/a><\/p>\n","protected":false},"featured_media":15284,"comment_status":"closed","ping_status":"open","template":"","meta":[],"product_cat":[986,988,950,957],"product_tag":[],"_links":{"self":[{"href":"https:\/\/promz.be\/fr\/wp-json\/wp\/v2\/product\/34879"}],"collection":[{"href":"https:\/\/promz.be\/fr\/wp-json\/wp\/v2\/product"}],"about":[{"href":"https:\/\/promz.be\/fr\/wp-json\/wp\/v2\/types\/product"}],"replies":[{"embeddable":true,"href":"https:\/\/promz.be\/fr\/wp-json\/wp\/v2\/comments?post=34879"}],"wp:featuredmedia":[{"embeddable":true,"href":"https:\/\/promz.be\/fr\/wp-json\/wp\/v2\/media\/15284"}],"wp:attachment":[{"href":"https:\/\/promz.be\/fr\/wp-json\/wp\/v2\/media?parent=34879"}],"wp:term":[{"taxonomy":"product_cat","embeddable":true,"href":"https:\/\/promz.be\/fr\/wp-json\/wp\/v2\/product_cat?post=34879"},{"taxonomy":"product_tag","embeddable":true,"href":"https:\/\/promz.be\/fr\/wp-json\/wp\/v2\/product_tag?post=34879"}],"curies":[{"name":"wp","href":"https:\/\/api.w.org\/{rel}","templated":true}]}}