{"id":34880,"date":"2018-07-09T00:00:00","date_gmt":"2018-07-08T22:00:00","guid":{"rendered":"https:\/\/promz.be\/?post_type=product&#038;p=34880"},"modified":"2021-05-25T15:11:36","modified_gmt":"2021-05-25T13:11:36","slug":"set-coupe-herbes","status":"publish","type":"product","link":"https:\/\/promz.be\/fr\/product\/set-coupe-herbes\/","title":{"rendered":"Set coupe herbes"},"content":{"rendered":"<p>Ajoutez de la saveur \u00e0 vos plats faits maison avec des herbes fra\u00eechement coup\u00e9es\u00a0! Hacher et \u00e9mincer le persil, le basilic, la menthe\u2026 Avec le coupe-herbes Leo, c\u2019est un r\u00e9el plaisir de le faire gr\u00e2ce aux courbes harmonieuses de son couteau tranchant qui coupe en forme de demi-lune et gr\u00e2ce \u00e0 son plat \u00e0 hacher concave. Vous avez besoin de hacher du romarin ou du thym\u00a0? Ins\u00e9rez simplement les herbes dans l\u2019un des quatre trous pr\u00e9vus dans le coupe-herbe, poussez-les jusqu\u2019au bout et hachez les feuilles qui tombent dans la planche \u00e0 hacher.<\/p>\n<p>\u00a0<\/p>\n<p>herbes|herbes fra\u00eeches|herbes \u00e0 couper<\/p>\n","protected":false},"excerpt":{"rendered":"<p>Ajoutez de la saveur \u00e0 vos plats faits maison avec des herbes fra\u00eechement coup\u00e9es\u00a0! Hacher et \u00e9mincer le persil, le basilic, la menthe\u2026 Avec le coupe-herbes Leo, c\u2019est un r\u00e9el plaisir de le faire gr\u00e2ce aux courbes harmonieuses de son couteau tranchant qui coupe en forme de demi-lune et gr\u00e2ce \u00e0 son plat \u00e0 hacher concave. Vous avez besoin de hacher du romarin ou du thym\u00a0? Ins\u00e9rez simplement les herbes dans l\u2019un des quatre trous pr\u00e9vus dans le coupe-herbe, poussez-les jusqu\u2019au bout et hachez les feuilles qui tombent dans la planche \u00e0 hacher. [&#8230;]<\/p>\n<p><a class=\"btn btn-secondary understrap-read-more-link\" href=\"https:\/\/promz.be\/fr\/product\/set-coupe-herbes\/\">Lire la suite&#8230;<\/a><\/p>\n","protected":false},"featured_media":15294,"comment_status":"closed","ping_status":"open","template":"","meta":[],"product_cat":[986,988,950,957],"product_tag":[],"_links":{"self":[{"href":"https:\/\/promz.be\/fr\/wp-json\/wp\/v2\/product\/34880"}],"collection":[{"href":"https:\/\/promz.be\/fr\/wp-json\/wp\/v2\/product"}],"about":[{"href":"https:\/\/promz.be\/fr\/wp-json\/wp\/v2\/types\/product"}],"replies":[{"embeddable":true,"href":"https:\/\/promz.be\/fr\/wp-json\/wp\/v2\/comments?post=34880"}],"wp:featuredmedia":[{"embeddable":true,"href":"https:\/\/promz.be\/fr\/wp-json\/wp\/v2\/media\/15294"}],"wp:attachment":[{"href":"https:\/\/promz.be\/fr\/wp-json\/wp\/v2\/media?parent=34880"}],"wp:term":[{"taxonomy":"product_cat","embeddable":true,"href":"https:\/\/promz.be\/fr\/wp-json\/wp\/v2\/product_cat?post=34880"},{"taxonomy":"product_tag","embeddable":true,"href":"https:\/\/promz.be\/fr\/wp-json\/wp\/v2\/product_tag?post=34880"}],"curies":[{"name":"wp","href":"https:\/\/api.w.org\/{rel}","templated":true}]}}