{"id":34881,"date":"2018-11-12T00:00:00","date_gmt":"2018-11-11T23:00:00","guid":{"rendered":"https:\/\/promz.be\/?post_type=product&#038;p=34881"},"modified":"2021-05-25T15:11:36","modified_gmt":"2021-05-25T13:11:36","slug":"coupe-pizza-rape","status":"publish","type":"product","link":"https:\/\/promz.be\/fr\/product\/coupe-pizza-rape\/","title":{"rendered":"Coupe Pizza &#038; R\u00e2pe"},"content":{"rendered":"<p>Coup de c\u0153ur pour ce couteau \u00e0 pizza multifonctionnel ! Gr\u00e2ce \u00e0 son design ing\u00e9nieux, vous pouvez facilement r\u00e2per du parmesan sur vos garnitures de pizzas pr\u00e9f\u00e9r\u00e9es et ensuite utiliser la lame en acier inoxydable pour d\u00e9couper une tarte. Les cro\u00fbtes de pizza \u00e9paisses ou fines ne sont pas une difficult\u00e9 pour le couteau tranchant qui d\u00e9coupe des portions parfaites d\u2019une seule traite.<\/p>\n<p>\u00a0<\/p>\n<p>pizza|p\u00e2tes|accessoires pour pizza<\/p>\n","protected":false},"excerpt":{"rendered":"<p>Coup de c\u0153ur pour ce couteau \u00e0 pizza multifonctionnel ! Gr\u00e2ce \u00e0 son design ing\u00e9nieux, vous pouvez facilement r\u00e2per du parmesan sur vos garnitures de pizzas pr\u00e9f\u00e9r\u00e9es et ensuite utiliser la lame en acier inoxydable pour d\u00e9couper une tarte. Les cro\u00fbtes de pizza \u00e9paisses ou fines ne sont pas une difficult\u00e9 pour le couteau tranchant qui d\u00e9coupe des portions parfaites d\u2019une seule traite. [&#8230;]<\/p>\n<p><a class=\"btn btn-secondary understrap-read-more-link\" href=\"https:\/\/promz.be\/fr\/product\/coupe-pizza-rape\/\">Lire la suite&#8230;<\/a><\/p>\n","protected":false},"featured_media":15306,"comment_status":"closed","ping_status":"open","template":"","meta":[],"product_cat":[986,988,950,957],"product_tag":[],"_links":{"self":[{"href":"https:\/\/promz.be\/fr\/wp-json\/wp\/v2\/product\/34881"}],"collection":[{"href":"https:\/\/promz.be\/fr\/wp-json\/wp\/v2\/product"}],"about":[{"href":"https:\/\/promz.be\/fr\/wp-json\/wp\/v2\/types\/product"}],"replies":[{"embeddable":true,"href":"https:\/\/promz.be\/fr\/wp-json\/wp\/v2\/comments?post=34881"}],"wp:featuredmedia":[{"embeddable":true,"href":"https:\/\/promz.be\/fr\/wp-json\/wp\/v2\/media\/15306"}],"wp:attachment":[{"href":"https:\/\/promz.be\/fr\/wp-json\/wp\/v2\/media?parent=34881"}],"wp:term":[{"taxonomy":"product_cat","embeddable":true,"href":"https:\/\/promz.be\/fr\/wp-json\/wp\/v2\/product_cat?post=34881"},{"taxonomy":"product_tag","embeddable":true,"href":"https:\/\/promz.be\/fr\/wp-json\/wp\/v2\/product_tag?post=34881"}],"curies":[{"name":"wp","href":"https:\/\/api.w.org\/{rel}","templated":true}]}}