{"id":34882,"date":"2018-09-25T00:00:00","date_gmt":"2018-09-24T22:00:00","guid":{"rendered":"https:\/\/promz.be\/?post_type=product&#038;p=34882"},"modified":"2021-05-25T15:11:38","modified_gmt":"2021-05-25T13:11:38","slug":"mortier-et-pilon-petit-modele","status":"publish","type":"product","link":"https:\/\/promz.be\/fr\/product\/mortier-et-pilon-petit-modele\/","title":{"rendered":"Mortier et pilon petit mod\u00e8le"},"content":{"rendered":"<p>Une sauce faite maison ne serait pas la m\u00eame sans les bonnes herbes et \u00e9pices. Composez vos propres m\u00e9langes avec ce mortier et ce pilon parfaitement con\u00e7us et \u00e9picez vos recettes. Aucun hachoir \u00e9lectrique ne serait capable d\u2019\u00e9galer les saveurs fines qui proviennent d\u2019un hachage manuel.<\/p>\n<p>\u00a0<\/p>\n<p>Mortier|set de mortier|m\u00e9lange d&#8217;\u00e9pices|herbes|herbes fra\u00eeches<\/p>\n","protected":false},"excerpt":{"rendered":"<p>Une sauce faite maison ne serait pas la m\u00eame sans les bonnes herbes et \u00e9pices. Composez vos propres m\u00e9langes avec ce mortier et ce pilon parfaitement con\u00e7us et \u00e9picez vos recettes. Aucun hachoir \u00e9lectrique ne serait capable d\u2019\u00e9galer les saveurs fines qui proviennent d\u2019un hachage manuel. [&#8230;]<\/p>\n<p><a class=\"btn btn-secondary understrap-read-more-link\" href=\"https:\/\/promz.be\/fr\/product\/mortier-et-pilon-petit-modele\/\">Lire la suite&#8230;<\/a><\/p>\n","protected":false},"featured_media":15324,"comment_status":"closed","ping_status":"open","template":"","meta":[],"product_cat":[986,988,950,957],"product_tag":[],"_links":{"self":[{"href":"https:\/\/promz.be\/fr\/wp-json\/wp\/v2\/product\/34882"}],"collection":[{"href":"https:\/\/promz.be\/fr\/wp-json\/wp\/v2\/product"}],"about":[{"href":"https:\/\/promz.be\/fr\/wp-json\/wp\/v2\/types\/product"}],"replies":[{"embeddable":true,"href":"https:\/\/promz.be\/fr\/wp-json\/wp\/v2\/comments?post=34882"}],"wp:featuredmedia":[{"embeddable":true,"href":"https:\/\/promz.be\/fr\/wp-json\/wp\/v2\/media\/15324"}],"wp:attachment":[{"href":"https:\/\/promz.be\/fr\/wp-json\/wp\/v2\/media?parent=34882"}],"wp:term":[{"taxonomy":"product_cat","embeddable":true,"href":"https:\/\/promz.be\/fr\/wp-json\/wp\/v2\/product_cat?post=34882"},{"taxonomy":"product_tag","embeddable":true,"href":"https:\/\/promz.be\/fr\/wp-json\/wp\/v2\/product_tag?post=34882"}],"curies":[{"name":"wp","href":"https:\/\/api.w.org\/{rel}","templated":true}]}}