{"id":34883,"date":"2018-09-03T00:00:00","date_gmt":"2018-09-02T22:00:00","guid":{"rendered":"https:\/\/promz.be\/?post_type=product&#038;p=34883"},"modified":"2021-05-25T15:11:39","modified_gmt":"2021-05-25T13:11:39","slug":"couteau-de-chef-avec-fontion-a-effeuiller-les-herbes-gris-14-cm","status":"publish","type":"product","link":"https:\/\/promz.be\/fr\/product\/couteau-de-chef-avec-fontion-a-effeuiller-les-herbes-gris-14-cm\/","title":{"rendered":"Couteau de chef avec fontion \u00e0 effeuiller les herbes gris 14 cm"},"content":{"rendered":"<p>Ajoutez facilement de la saveur \u00e0 vos plats avec des herbes fra\u00eechement coup\u00e9es. Le petit couteau de chef Leo poss\u00e8de une lame de taille parfaite pour couper le persil,  la ciboulette, la coriandre\u2026, mais peut \u00e9galement servir pour des tiges d\u2019herbes gr\u00e2ce \u00e0 l\u2019effeuilleuse. Tirez juste sur les tiges \u00e0 travers le trou de la bonne taille et effeuillez les herbes comme le romarin, la sauge et le thym.<\/p>\n<p>\u00a0<\/p>\n<p>couteau|couteau de chef|couteau de cuisine|ensemble de couteaux<\/p>\n","protected":false},"excerpt":{"rendered":"<p>Ajoutez facilement de la saveur \u00e0 vos plats avec des herbes fra\u00eechement coup\u00e9es. Le petit couteau de chef Leo poss\u00e8de une lame de taille parfaite pour couper le persil,  la ciboulette, la coriandre\u2026, mais peut \u00e9galement servir pour des tiges d\u2019herbes gr\u00e2ce \u00e0 l\u2019effeuilleuse. Tirez juste sur les tiges \u00e0 travers le trou de la bonne taille et effeuillez les herbes comme le romarin, la sauge et le thym. [&#8230;]<\/p>\n<p><a class=\"btn btn-secondary understrap-read-more-link\" href=\"https:\/\/promz.be\/fr\/product\/couteau-de-chef-avec-fontion-a-effeuiller-les-herbes-gris-14-cm\/\">Lire la suite&#8230;<\/a><\/p>\n","protected":false},"featured_media":15282,"comment_status":"closed","ping_status":"open","template":"","meta":[],"product_cat":[986,988,950,957],"product_tag":[],"_links":{"self":[{"href":"https:\/\/promz.be\/fr\/wp-json\/wp\/v2\/product\/34883"}],"collection":[{"href":"https:\/\/promz.be\/fr\/wp-json\/wp\/v2\/product"}],"about":[{"href":"https:\/\/promz.be\/fr\/wp-json\/wp\/v2\/types\/product"}],"replies":[{"embeddable":true,"href":"https:\/\/promz.be\/fr\/wp-json\/wp\/v2\/comments?post=34883"}],"wp:featuredmedia":[{"embeddable":true,"href":"https:\/\/promz.be\/fr\/wp-json\/wp\/v2\/media\/15282"}],"wp:attachment":[{"href":"https:\/\/promz.be\/fr\/wp-json\/wp\/v2\/media?parent=34883"}],"wp:term":[{"taxonomy":"product_cat","embeddable":true,"href":"https:\/\/promz.be\/fr\/wp-json\/wp\/v2\/product_cat?post=34883"},{"taxonomy":"product_tag","embeddable":true,"href":"https:\/\/promz.be\/fr\/wp-json\/wp\/v2\/product_tag?post=34883"}],"curies":[{"name":"wp","href":"https:\/\/api.w.org\/{rel}","templated":true}]}}