{"id":34884,"date":"2018-09-26T00:00:00","date_gmt":"2018-09-25T22:00:00","guid":{"rendered":"https:\/\/promz.be\/?post_type=product&#038;p=34884"},"modified":"2021-05-25T15:11:40","modified_gmt":"2021-05-25T13:11:40","slug":"couteau-a-fromage-gris-13-cm","status":"publish","type":"product","link":"https:\/\/promz.be\/fr\/product\/couteau-a-fromage-gris-13-cm\/","title":{"rendered":"Couteau \u00e0 fromage gris 13 cm"},"content":{"rendered":"<p>Le couteau \u00e0 fromage Leo est indispensable pour toutes vos soir\u00e9es vin et fromage. D&#8217;un fromage affin\u00e9 comme l\u2019emmental \u00e0 un brie moelleux, la lame en acier inoxydable et antiadh\u00e9sive glisse facilement \u00e0 travers tous types de fromage. Tranchez ou coupez simplement vos fromages avec un simple mouvement rapide du poignet et utilisez le bon pique de la fourchette pour servir. \u00a0<\/p>\n<p>\u00a0<\/p>\n<p>couteau|couteau de chef|couteau de cuisine|ensemble de couteaux<\/p>\n","protected":false},"excerpt":{"rendered":"<p>Le couteau \u00e0 fromage Leo est indispensable pour toutes vos soir\u00e9es vin et fromage. D&#8217;un fromage affin\u00e9 comme l\u2019emmental \u00e0 un brie moelleux, la lame en acier inoxydable et antiadh\u00e9sive glisse facilement \u00e0 travers tous types de fromage. Tranchez ou coupez simplement vos fromages avec un simple mouvement rapide du poignet et utilisez le bon pique de la fourchette pour servir. \u00a0 [&#8230;]<\/p>\n<p><a class=\"btn btn-secondary understrap-read-more-link\" href=\"https:\/\/promz.be\/fr\/product\/couteau-a-fromage-gris-13-cm\/\">Lire la suite&#8230;<\/a><\/p>\n","protected":false},"featured_media":15292,"comment_status":"closed","ping_status":"open","template":"","meta":[],"product_cat":[986,988,950,957],"product_tag":[],"_links":{"self":[{"href":"https:\/\/promz.be\/fr\/wp-json\/wp\/v2\/product\/34884"}],"collection":[{"href":"https:\/\/promz.be\/fr\/wp-json\/wp\/v2\/product"}],"about":[{"href":"https:\/\/promz.be\/fr\/wp-json\/wp\/v2\/types\/product"}],"replies":[{"embeddable":true,"href":"https:\/\/promz.be\/fr\/wp-json\/wp\/v2\/comments?post=34884"}],"wp:featuredmedia":[{"embeddable":true,"href":"https:\/\/promz.be\/fr\/wp-json\/wp\/v2\/media\/15292"}],"wp:attachment":[{"href":"https:\/\/promz.be\/fr\/wp-json\/wp\/v2\/media?parent=34884"}],"wp:term":[{"taxonomy":"product_cat","embeddable":true,"href":"https:\/\/promz.be\/fr\/wp-json\/wp\/v2\/product_cat?post=34884"},{"taxonomy":"product_tag","embeddable":true,"href":"https:\/\/promz.be\/fr\/wp-json\/wp\/v2\/product_tag?post=34884"}],"curies":[{"name":"wp","href":"https:\/\/api.w.org\/{rel}","templated":true}]}}