{"id":34885,"date":"2018-09-21T00:00:00","date_gmt":"2018-09-20T22:00:00","guid":{"rendered":"https:\/\/promz.be\/?post_type=product&#038;p=34885"},"modified":"2021-05-25T15:11:40","modified_gmt":"2021-05-25T13:11:40","slug":"couteau-a-legumes-avec-zesteur-gris-11-cm","status":"publish","type":"product","link":"https:\/\/promz.be\/fr\/product\/couteau-a-legumes-avec-zesteur-gris-11-cm\/","title":{"rendered":"Couteau \u00e0 l\u00e9gumes avec zesteur gris 11 cm"},"content":{"rendered":"<p>Un en-cas v\u00e9g\u00e9tarien, une soupe chaleureuse ou une salade estivale, avec le couteau \u00e0 l\u00e9gumes Leo vous coupez, tranchez et d\u00e9coupez en cubes tous les ingr\u00e9dients en un rien de temps. La lame antiadh\u00e9sive en acier inoxydable glisse \u00e0 travers les l\u00e9gumes comme dans du beurre, ce qui all\u00e8ge votre charge de travail pour pr\u00e9parer un repas tandis que la poign\u00e9e douce au toucher vous aide \u00e0 avoir une prise confortable. Il y a un petit plus, c\u2019est le zesteur int\u00e9gr\u00e9 qui vous permet d&#8217;embellir vos plats avec une touche d\u2019acidit\u00e9.<\/p>\n<p>\u00a0<\/p>\n<p>couteau|couteau de chef|couteau de cuisine|ensemble de couteaux<\/p>\n","protected":false},"excerpt":{"rendered":"<p>Un en-cas v\u00e9g\u00e9tarien, une soupe chaleureuse ou une salade estivale, avec le couteau \u00e0 l\u00e9gumes Leo vous coupez, tranchez et d\u00e9coupez en cubes tous les ingr\u00e9dients en un rien de temps. La lame antiadh\u00e9sive en acier inoxydable glisse \u00e0 travers les l\u00e9gumes comme dans du beurre, ce qui all\u00e8ge votre charge de travail pour pr\u00e9parer un repas tandis que la poign\u00e9e douce au toucher vous aide \u00e0 avoir une prise confortable. Il y a un petit plus, c\u2019est le zesteur int\u00e9gr\u00e9 qui vous permet d&#8217;embellir vos plats avec une touche d\u2019acidit\u00e9. [&#8230;]<\/p>\n<p><a class=\"btn btn-secondary understrap-read-more-link\" href=\"https:\/\/promz.be\/fr\/product\/couteau-a-legumes-avec-zesteur-gris-11-cm\/\">Lire la suite&#8230;<\/a><\/p>\n","protected":false},"featured_media":15298,"comment_status":"closed","ping_status":"open","template":"","meta":[],"product_cat":[986,988,950,957],"product_tag":[],"_links":{"self":[{"href":"https:\/\/promz.be\/fr\/wp-json\/wp\/v2\/product\/34885"}],"collection":[{"href":"https:\/\/promz.be\/fr\/wp-json\/wp\/v2\/product"}],"about":[{"href":"https:\/\/promz.be\/fr\/wp-json\/wp\/v2\/types\/product"}],"replies":[{"embeddable":true,"href":"https:\/\/promz.be\/fr\/wp-json\/wp\/v2\/comments?post=34885"}],"wp:featuredmedia":[{"embeddable":true,"href":"https:\/\/promz.be\/fr\/wp-json\/wp\/v2\/media\/15298"}],"wp:attachment":[{"href":"https:\/\/promz.be\/fr\/wp-json\/wp\/v2\/media?parent=34885"}],"wp:term":[{"taxonomy":"product_cat","embeddable":true,"href":"https:\/\/promz.be\/fr\/wp-json\/wp\/v2\/product_cat?post=34885"},{"taxonomy":"product_tag","embeddable":true,"href":"https:\/\/promz.be\/fr\/wp-json\/wp\/v2\/product_tag?post=34885"}],"curies":[{"name":"wp","href":"https:\/\/api.w.org\/{rel}","templated":true}]}}