{"id":34886,"date":"2018-10-22T00:00:00","date_gmt":"2018-10-21T22:00:00","guid":{"rendered":"https:\/\/promz.be\/?post_type=product&#038;p=34886"},"modified":"2021-05-25T15:11:42","modified_gmt":"2021-05-25T13:11:42","slug":"couteau-a-steak-4pcs","status":"publish","type":"product","link":"https:\/\/promz.be\/fr\/product\/couteau-a-steak-4pcs\/","title":{"rendered":"Couteau \u00e0 steak (4pcs)"},"content":{"rendered":"<p>Que vous serviez un steak cr\u00e9pitant sortant du gril, une c\u00f4te de porc ou une pizza croustillante, ces couteaux \u00e0 steak Leo convient bien. Vos invit\u00e9s aimeront la mani\u00e8re dont le manche doux s&#8217;adapte \u00e0 leur main et comment la lame dentel\u00e9e en acier inoxydable d\u00e9coupe en tranches la viande gr\u00e2ce \u00e0 ses dents tranchantes et antiadh\u00e9sives. Laissez-vous inspirer par les couteaux \u00e0 steak Leo pour un beau d\u00eener en famille ou pour une soir\u00e9e d\u00e9licieuse !<\/p>\n<p>\u00a0<\/p>\n<p>couteau|couteau de chef|couteau de cuisine|ensemble de couteaux<\/p>\n","protected":false},"excerpt":{"rendered":"<p>Que vous serviez un steak cr\u00e9pitant sortant du gril, une c\u00f4te de porc ou une pizza croustillante, ces couteaux \u00e0 steak Leo convient bien. Vos invit\u00e9s aimeront la mani\u00e8re dont le manche doux s&#8217;adapte \u00e0 leur main et comment la lame dentel\u00e9e en acier inoxydable d\u00e9coupe en tranches la viande gr\u00e2ce \u00e0 ses dents tranchantes et antiadh\u00e9sives. Laissez-vous inspirer par les couteaux \u00e0 steak Leo pour un beau d\u00eener en famille ou pour une soir\u00e9e d\u00e9licieuse ! [&#8230;]<\/p>\n<p><a class=\"btn btn-secondary understrap-read-more-link\" href=\"https:\/\/promz.be\/fr\/product\/couteau-a-steak-4pcs\/\">Lire la suite&#8230;<\/a><\/p>\n","protected":false},"featured_media":15320,"comment_status":"closed","ping_status":"open","template":"","meta":[],"product_cat":[986,988,950,957],"product_tag":[],"_links":{"self":[{"href":"https:\/\/promz.be\/fr\/wp-json\/wp\/v2\/product\/34886"}],"collection":[{"href":"https:\/\/promz.be\/fr\/wp-json\/wp\/v2\/product"}],"about":[{"href":"https:\/\/promz.be\/fr\/wp-json\/wp\/v2\/types\/product"}],"replies":[{"embeddable":true,"href":"https:\/\/promz.be\/fr\/wp-json\/wp\/v2\/comments?post=34886"}],"wp:featuredmedia":[{"embeddable":true,"href":"https:\/\/promz.be\/fr\/wp-json\/wp\/v2\/media\/15320"}],"wp:attachment":[{"href":"https:\/\/promz.be\/fr\/wp-json\/wp\/v2\/media?parent=34886"}],"wp:term":[{"taxonomy":"product_cat","embeddable":true,"href":"https:\/\/promz.be\/fr\/wp-json\/wp\/v2\/product_cat?post=34886"},{"taxonomy":"product_tag","embeddable":true,"href":"https:\/\/promz.be\/fr\/wp-json\/wp\/v2\/product_tag?post=34886"}],"curies":[{"name":"wp","href":"https:\/\/api.w.org\/{rel}","templated":true}]}}