{"id":34887,"date":"2018-11-01T00:00:00","date_gmt":"2018-10-31T23:00:00","guid":{"rendered":"https:\/\/promz.be\/?post_type=product&#038;p=34887"},"modified":"2021-05-25T15:11:43","modified_gmt":"2021-05-25T13:11:43","slug":"planche-a-decouper-en-bambou-28-x-20-cm","status":"publish","type":"product","link":"https:\/\/promz.be\/fr\/product\/planche-a-decouper-en-bambou-28-x-20-cm\/","title":{"rendered":"Planche \u00e0 d\u00e9couper en bambou 28 x 20 cm"},"content":{"rendered":"<p>La petite planche \u00e0 d\u00e9couper est parfaite pour les personnes qui souhaitent couper quelques carottes pour un en-cas, \u00e9plucher des oignons ou couper en rondelles des tomates\u2026 La planche en bambou, solide et l\u00e9g\u00e8re, est polyvalente et peut aussi \u00eatre utilis\u00e9e comme un plateau pour servir de la viande froide ou du fromage. Vous avez une petite cuisine avec un espace limit\u00e9 ? La planche \u00e0 d\u00e9couper peut facilement \u00eatre rang\u00e9e dans votre tiroir et poss\u00e8de une fixation pour pouvoir la ranger en l\u2019accrochant. \u00a0<\/p>\n<p>\u00a0<\/p>\n<p>planche \u00e0 d\u00e9couper|planche \u00e0 d\u00e9couper en bambou|planche \u00e0 d\u00e9couper<\/p>\n","protected":false},"excerpt":{"rendered":"<p>La petite planche \u00e0 d\u00e9couper est parfaite pour les personnes qui souhaitent couper quelques carottes pour un en-cas, \u00e9plucher des oignons ou couper en rondelles des tomates\u2026 La planche en bambou, solide et l\u00e9g\u00e8re, est polyvalente et peut aussi \u00eatre utilis\u00e9e comme un plateau pour servir de la viande froide ou du fromage. Vous avez une petite cuisine avec un espace limit\u00e9 ? La planche \u00e0 d\u00e9couper peut facilement \u00eatre rang\u00e9e dans votre tiroir et poss\u00e8de une fixation pour pouvoir la ranger en l\u2019accrochant. \u00a0 [&#8230;]<\/p>\n<p><a class=\"btn btn-secondary understrap-read-more-link\" href=\"https:\/\/promz.be\/fr\/product\/planche-a-decouper-en-bambou-28-x-20-cm\/\">Lire la suite&#8230;<\/a><\/p>\n","protected":false},"featured_media":15318,"comment_status":"closed","ping_status":"open","template":"","meta":[],"product_cat":[986,988,950,957],"product_tag":[],"_links":{"self":[{"href":"https:\/\/promz.be\/fr\/wp-json\/wp\/v2\/product\/34887"}],"collection":[{"href":"https:\/\/promz.be\/fr\/wp-json\/wp\/v2\/product"}],"about":[{"href":"https:\/\/promz.be\/fr\/wp-json\/wp\/v2\/types\/product"}],"replies":[{"embeddable":true,"href":"https:\/\/promz.be\/fr\/wp-json\/wp\/v2\/comments?post=34887"}],"wp:featuredmedia":[{"embeddable":true,"href":"https:\/\/promz.be\/fr\/wp-json\/wp\/v2\/media\/15318"}],"wp:attachment":[{"href":"https:\/\/promz.be\/fr\/wp-json\/wp\/v2\/media?parent=34887"}],"wp:term":[{"taxonomy":"product_cat","embeddable":true,"href":"https:\/\/promz.be\/fr\/wp-json\/wp\/v2\/product_cat?post=34887"},{"taxonomy":"product_tag","embeddable":true,"href":"https:\/\/promz.be\/fr\/wp-json\/wp\/v2\/product_tag?post=34887"}],"curies":[{"name":"wp","href":"https:\/\/api.w.org\/{rel}","templated":true}]}}