{"id":34888,"date":"2018-08-08T00:00:00","date_gmt":"2018-08-07T22:00:00","guid":{"rendered":"https:\/\/promz.be\/?post_type=product&#038;p=34888"},"modified":"2021-05-25T15:11:43","modified_gmt":"2021-05-25T13:11:43","slug":"planche-a-decouper-en-bambou-avec-bord-releve","status":"publish","type":"product","link":"https:\/\/promz.be\/fr\/product\/planche-a-decouper-en-bambou-avec-bord-releve\/","title":{"rendered":"Planche \u00e0 d\u00e9couper en bambou avec bord relev\u00e9"},"content":{"rendered":"<p>Couper en cubes, trancher, \u00e9plucher ou couper, tout ceci devient un peu plus agr\u00e9able avec la jolie planche \u00e0 d\u00e9couper Leo. Le rebord coud\u00e9 vous aide \u00e0 mettre vos aliments d\u00e9coup\u00e9s ou \u00e9pluch\u00e9s dans un plat ou une casserole tandis que le bambou naturel n\u2019agresse pas vos couteaux, elle est l\u00e9g\u00e8re et facile \u00e0 nettoyer.<\/p>\n<p>\u00a0<\/p>\n<p>planche \u00e0 d\u00e9couper|planche \u00e0 d\u00e9couper en bambou|planche \u00e0 d\u00e9couper<\/p>\n","protected":false},"excerpt":{"rendered":"<p>Couper en cubes, trancher, \u00e9plucher ou couper, tout ceci devient un peu plus agr\u00e9able avec la jolie planche \u00e0 d\u00e9couper Leo. Le rebord coud\u00e9 vous aide \u00e0 mettre vos aliments d\u00e9coup\u00e9s ou \u00e9pluch\u00e9s dans un plat ou une casserole tandis que le bambou naturel n\u2019agresse pas vos couteaux, elle est l\u00e9g\u00e8re et facile \u00e0 nettoyer. [&#8230;]<\/p>\n<p><a class=\"btn btn-secondary understrap-read-more-link\" href=\"https:\/\/promz.be\/fr\/product\/planche-a-decouper-en-bambou-avec-bord-releve\/\">Lire la suite&#8230;<\/a><\/p>\n","protected":false},"featured_media":15316,"comment_status":"closed","ping_status":"open","template":"","meta":[],"product_cat":[986,988,950,957],"product_tag":[],"_links":{"self":[{"href":"https:\/\/promz.be\/fr\/wp-json\/wp\/v2\/product\/34888"}],"collection":[{"href":"https:\/\/promz.be\/fr\/wp-json\/wp\/v2\/product"}],"about":[{"href":"https:\/\/promz.be\/fr\/wp-json\/wp\/v2\/types\/product"}],"replies":[{"embeddable":true,"href":"https:\/\/promz.be\/fr\/wp-json\/wp\/v2\/comments?post=34888"}],"wp:featuredmedia":[{"embeddable":true,"href":"https:\/\/promz.be\/fr\/wp-json\/wp\/v2\/media\/15316"}],"wp:attachment":[{"href":"https:\/\/promz.be\/fr\/wp-json\/wp\/v2\/media?parent=34888"}],"wp:term":[{"taxonomy":"product_cat","embeddable":true,"href":"https:\/\/promz.be\/fr\/wp-json\/wp\/v2\/product_cat?post=34888"},{"taxonomy":"product_tag","embeddable":true,"href":"https:\/\/promz.be\/fr\/wp-json\/wp\/v2\/product_tag?post=34888"}],"curies":[{"name":"wp","href":"https:\/\/api.w.org\/{rel}","templated":true}]}}