{"id":34890,"date":"2018-07-18T00:00:00","date_gmt":"2018-07-17T22:00:00","guid":{"rendered":"https:\/\/promz.be\/?post_type=product&#038;p=34890"},"modified":"2021-05-25T15:11:45","modified_gmt":"2021-05-25T13:11:45","slug":"bouteille-dhuile-054-l","status":"publish","type":"product","link":"https:\/\/promz.be\/fr\/product\/bouteille-dhuile-054-l\/","title":{"rendered":"Bouteille d&#8217;huile 0,54 l"},"content":{"rendered":"<p>\u00c9gayez vos p\u00e2tes, pizzas ou salades en un rien de temps avec cet \u00e9l\u00e9gant distributeur d\u2019huile. Il s&#8217;adapte \u00e0 votre main gr\u00e2ce \u00e0 sa forme ergonomique, il est \u00e9quip\u00e9 d&#8217;un embout anti-goutte pour un versement propre et il est extr\u00eamement simple \u00e0 nettoyer.<\/p>\n<p>\u00a0<\/p>\n<p>huile|distributeur d&#8217;huile|huile pour \u00e9pices<\/p>\n","protected":false},"excerpt":{"rendered":"<p>\u00c9gayez vos p\u00e2tes, pizzas ou salades en un rien de temps avec cet \u00e9l\u00e9gant distributeur d\u2019huile. Il s&#8217;adapte \u00e0 votre main gr\u00e2ce \u00e0 sa forme ergonomique, il est \u00e9quip\u00e9 d&#8217;un embout anti-goutte pour un versement propre et il est extr\u00eamement simple \u00e0 nettoyer. [&#8230;]<\/p>\n<p><a class=\"btn btn-secondary understrap-read-more-link\" href=\"https:\/\/promz.be\/fr\/product\/bouteille-dhuile-054-l\/\">Lire la suite&#8230;<\/a><\/p>\n","protected":false},"featured_media":15304,"comment_status":"closed","ping_status":"open","template":"","meta":[],"product_cat":[986,988,950,957],"product_tag":[],"_links":{"self":[{"href":"https:\/\/promz.be\/fr\/wp-json\/wp\/v2\/product\/34890"}],"collection":[{"href":"https:\/\/promz.be\/fr\/wp-json\/wp\/v2\/product"}],"about":[{"href":"https:\/\/promz.be\/fr\/wp-json\/wp\/v2\/types\/product"}],"replies":[{"embeddable":true,"href":"https:\/\/promz.be\/fr\/wp-json\/wp\/v2\/comments?post=34890"}],"wp:featuredmedia":[{"embeddable":true,"href":"https:\/\/promz.be\/fr\/wp-json\/wp\/v2\/media\/15304"}],"wp:attachment":[{"href":"https:\/\/promz.be\/fr\/wp-json\/wp\/v2\/media?parent=34890"}],"wp:term":[{"taxonomy":"product_cat","embeddable":true,"href":"https:\/\/promz.be\/fr\/wp-json\/wp\/v2\/product_cat?post=34890"},{"taxonomy":"product_tag","embeddable":true,"href":"https:\/\/promz.be\/fr\/wp-json\/wp\/v2\/product_tag?post=34890"}],"curies":[{"name":"wp","href":"https:\/\/api.w.org\/{rel}","templated":true}]}}