{"id":34891,"date":"2018-06-27T00:00:00","date_gmt":"2018-06-26T22:00:00","guid":{"rendered":"https:\/\/promz.be\/?post_type=product&#038;p=34891"},"modified":"2021-05-25T15:11:47","modified_gmt":"2021-05-25T13:11:47","slug":"recipients-alimentaires-en-verre-set-de-3-pcs","status":"publish","type":"product","link":"https:\/\/promz.be\/fr\/product\/recipients-alimentaires-en-verre-set-de-3-pcs\/","title":{"rendered":"R\u00e9cipients alimentaires en verre (set de 3 pcs)"},"content":{"rendered":"<p>Caf\u00e9 moulu, sucre vanill\u00e9, herbes fra\u00eeches &#8230; gardez le tout frais et savoureux \u00e0 l&#8217;aide de ces trois r\u00e9cipients alimentaires pratiques. Leurs couvercles ajoutent instantan\u00e9ment une touche de couleur \u00e0 votre cuisine tandis que leur grande ouverture vous permet de remplir facilement les r\u00e9cipients et de pr\u00e9lever la bonne quantit\u00e9 \u00e0 l\u2019aide de la cuill\u00e8re \u00e0 mesurer fournie. En plus de cela, les r\u00e9cipients sont empilables pour un gain de place optimal et vont au lave-vaisselle, donc les nettoyer est un jeu d&#8217;enfant!<\/p>\n<p>\u00a0<\/p>\n<p>rangement|organiser|bo\u00eete de rangement|bo\u00eetes de rangement|rangement herm\u00e9tique<\/p>\n","protected":false},"excerpt":{"rendered":"<p>Caf\u00e9 moulu, sucre vanill\u00e9, herbes fra\u00eeches &#8230; gardez le tout frais et savoureux \u00e0 l&#8217;aide de ces trois r\u00e9cipients alimentaires pratiques. Leurs couvercles ajoutent instantan\u00e9ment une touche de couleur \u00e0 votre cuisine tandis que leur grande ouverture vous permet de remplir facilement les r\u00e9cipients et de pr\u00e9lever la bonne quantit\u00e9 \u00e0 l\u2019aide de la cuill\u00e8re \u00e0 mesurer fournie. En plus de cela, les r\u00e9cipients sont empilables pour un gain de place optimal et vont au lave-vaisselle, donc les nettoyer est un jeu d&#8217;enfant! [&#8230;]<\/p>\n<p><a class=\"btn btn-secondary understrap-read-more-link\" href=\"https:\/\/promz.be\/fr\/product\/recipients-alimentaires-en-verre-set-de-3-pcs\/\">Lire la suite&#8230;<\/a><\/p>\n","protected":false},"featured_media":15290,"comment_status":"closed","ping_status":"open","template":"","meta":[],"product_cat":[986,988,950,957],"product_tag":[],"_links":{"self":[{"href":"https:\/\/promz.be\/fr\/wp-json\/wp\/v2\/product\/34891"}],"collection":[{"href":"https:\/\/promz.be\/fr\/wp-json\/wp\/v2\/product"}],"about":[{"href":"https:\/\/promz.be\/fr\/wp-json\/wp\/v2\/types\/product"}],"replies":[{"embeddable":true,"href":"https:\/\/promz.be\/fr\/wp-json\/wp\/v2\/comments?post=34891"}],"wp:featuredmedia":[{"embeddable":true,"href":"https:\/\/promz.be\/fr\/wp-json\/wp\/v2\/media\/15290"}],"wp:attachment":[{"href":"https:\/\/promz.be\/fr\/wp-json\/wp\/v2\/media?parent=34891"}],"wp:term":[{"taxonomy":"product_cat","embeddable":true,"href":"https:\/\/promz.be\/fr\/wp-json\/wp\/v2\/product_cat?post=34891"},{"taxonomy":"product_tag","embeddable":true,"href":"https:\/\/promz.be\/fr\/wp-json\/wp\/v2\/product_tag?post=34891"}],"curies":[{"name":"wp","href":"https:\/\/api.w.org\/{rel}","templated":true}]}}