{"id":34892,"date":"2018-08-27T00:00:00","date_gmt":"2018-08-26T22:00:00","guid":{"rendered":"https:\/\/promz.be\/?post_type=product&#038;p=34892"},"modified":"2021-05-25T15:11:48","modified_gmt":"2021-05-25T13:11:48","slug":"bouteille-deau","status":"publish","type":"product","link":"https:\/\/promz.be\/fr\/product\/bouteille-deau\/","title":{"rendered":"Bouteille d&#8217;eau"},"content":{"rendered":"<p>Que vous recherchiez une bouteille pratique \u00e0 emporter \u00e0 la salle de sport ou que vous vouliez une solution intelligente pour rester bien hydrat\u00e9 au bureau, cette bouteille d\u2019eau l\u00e9g\u00e8re avec une sangle de transport utile est id\u00e9ale dans touts les situations! Le couvercle avec syst\u00e8me de pression offre une exp\u00e9rience de boire \u00e0 360 \u00b0 et peut facilement \u00eatre retir\u00e9 pour remplir la bouteille et rester hydrat\u00e9 toute la journ\u00e9e. \u00c0 la fin de la journ\u00e9e, simplement placez la bouteille dans le lave-vaisselle afin que vous soyez pr\u00eat pour un nouveau d\u00e9part le matin!<\/p>\n<p>\u00a0<\/p>\n<p>bouteille d&#8217;eau|gourde|gourde durable|bouteille d&#8217;eau|thermos<\/p>\n","protected":false},"excerpt":{"rendered":"<p>Que vous recherchiez une bouteille pratique \u00e0 emporter \u00e0 la salle de sport ou que vous vouliez une solution intelligente pour rester bien hydrat\u00e9 au bureau, cette bouteille d\u2019eau l\u00e9g\u00e8re avec une sangle de transport utile est id\u00e9ale dans touts les situations! Le couvercle avec syst\u00e8me de pression offre une exp\u00e9rience de boire \u00e0 360 \u00b0 et peut facilement \u00eatre retir\u00e9 pour remplir la bouteille et rester hydrat\u00e9 toute la journ\u00e9e. \u00c0 la fin de la journ\u00e9e, simplement placez la bouteille dans le lave-vaisselle afin que vous soyez pr\u00eat pour un nouveau d\u00e9part le matin! [&#8230;]<\/p>\n<p><a class=\"btn btn-secondary understrap-read-more-link\" href=\"https:\/\/promz.be\/fr\/product\/bouteille-deau\/\">Lire la suite&#8230;<\/a><\/p>\n","protected":false},"featured_media":15328,"comment_status":"closed","ping_status":"open","template":"","meta":[],"product_cat":[947,986,988,950,969,957],"product_tag":[],"_links":{"self":[{"href":"https:\/\/promz.be\/fr\/wp-json\/wp\/v2\/product\/34892"}],"collection":[{"href":"https:\/\/promz.be\/fr\/wp-json\/wp\/v2\/product"}],"about":[{"href":"https:\/\/promz.be\/fr\/wp-json\/wp\/v2\/types\/product"}],"replies":[{"embeddable":true,"href":"https:\/\/promz.be\/fr\/wp-json\/wp\/v2\/comments?post=34892"}],"wp:featuredmedia":[{"embeddable":true,"href":"https:\/\/promz.be\/fr\/wp-json\/wp\/v2\/media\/15328"}],"wp:attachment":[{"href":"https:\/\/promz.be\/fr\/wp-json\/wp\/v2\/media?parent=34892"}],"wp:term":[{"taxonomy":"product_cat","embeddable":true,"href":"https:\/\/promz.be\/fr\/wp-json\/wp\/v2\/product_cat?post=34892"},{"taxonomy":"product_tag","embeddable":true,"href":"https:\/\/promz.be\/fr\/wp-json\/wp\/v2\/product_tag?post=34892"}],"curies":[{"name":"wp","href":"https:\/\/api.w.org\/{rel}","templated":true}]}}