{"id":34893,"date":"2018-07-30T00:00:00","date_gmt":"2018-07-29T22:00:00","guid":{"rendered":"https:\/\/promz.be\/?post_type=product&#038;p=34893"},"modified":"2021-05-25T15:11:49","modified_gmt":"2021-05-25T13:11:49","slug":"moque-de-voyage-en-porcelaine-033-l","status":"publish","type":"product","link":"https:\/\/promz.be\/fr\/product\/moque-de-voyage-en-porcelaine-033-l\/","title":{"rendered":"Moque de voyage en porcelaine 0,33 L"},"content":{"rendered":"<p>Vous avez envie d&#8217;une tasse de caf\u00e9, mais n&#8217;avez pas le temps de vous arr\u00eater pour faire une pause? Savourez votre boisson chaude pr\u00e9f\u00e9r\u00e9e lors de vos d\u00e9placements avec le moque de voyage Leo! Il pourra se ranger parfaitement sous votre machine \u00e0 caf\u00e9 ou dans le porte-gobelet de votre voiture et est \u00e9quip\u00e9 d&#8217;un couvercle pratique avec orifice int\u00e9gr\u00e9. Cela signifie que vous pouvez prendre une gorg\u00e9e en toute s\u00e9curit\u00e9 lorsque vous \u00eates en d\u00e9placement et ne pas avoir \u00e0 vous soucier des d\u00e9versements.<\/p>\n<p>\u00a0<\/p>\n<p>bouteille d&#8217;eau|gourde|gourde durable|bouteille d&#8217;eau|thermos<\/p>\n","protected":false},"excerpt":{"rendered":"<p>Vous avez envie d&#8217;une tasse de caf\u00e9, mais n&#8217;avez pas le temps de vous arr\u00eater pour faire une pause? Savourez votre boisson chaude pr\u00e9f\u00e9r\u00e9e lors de vos d\u00e9placements avec le moque de voyage Leo! Il pourra se ranger parfaitement sous votre machine \u00e0 caf\u00e9 ou dans le porte-gobelet de votre voiture et est \u00e9quip\u00e9 d&#8217;un couvercle pratique avec orifice int\u00e9gr\u00e9. Cela signifie que vous pouvez prendre une gorg\u00e9e en toute s\u00e9curit\u00e9 lorsque vous \u00eates en d\u00e9placement et ne pas avoir \u00e0 vous soucier des d\u00e9versements. [&#8230;]<\/p>\n<p><a class=\"btn btn-secondary understrap-read-more-link\" href=\"https:\/\/promz.be\/fr\/product\/moque-de-voyage-en-porcelaine-033-l\/\">Lire la suite&#8230;<\/a><\/p>\n","protected":false},"featured_media":15300,"comment_status":"closed","ping_status":"open","template":"","meta":[],"product_cat":[947,986,988,950,957,968],"product_tag":[],"_links":{"self":[{"href":"https:\/\/promz.be\/fr\/wp-json\/wp\/v2\/product\/34893"}],"collection":[{"href":"https:\/\/promz.be\/fr\/wp-json\/wp\/v2\/product"}],"about":[{"href":"https:\/\/promz.be\/fr\/wp-json\/wp\/v2\/types\/product"}],"replies":[{"embeddable":true,"href":"https:\/\/promz.be\/fr\/wp-json\/wp\/v2\/comments?post=34893"}],"wp:featuredmedia":[{"embeddable":true,"href":"https:\/\/promz.be\/fr\/wp-json\/wp\/v2\/media\/15300"}],"wp:attachment":[{"href":"https:\/\/promz.be\/fr\/wp-json\/wp\/v2\/media?parent=34893"}],"wp:term":[{"taxonomy":"product_cat","embeddable":true,"href":"https:\/\/promz.be\/fr\/wp-json\/wp\/v2\/product_cat?post=34893"},{"taxonomy":"product_tag","embeddable":true,"href":"https:\/\/promz.be\/fr\/wp-json\/wp\/v2\/product_tag?post=34893"}],"curies":[{"name":"wp","href":"https:\/\/api.w.org\/{rel}","templated":true}]}}