{"id":34895,"date":"2018-06-15T00:00:00","date_gmt":"2018-06-14T22:00:00","guid":{"rendered":"https:\/\/promz.be\/?post_type=product&#038;p=34895"},"modified":"2021-05-25T15:11:51","modified_gmt":"2021-05-25T13:11:51","slug":"contenant-alimentaire-isolant-035-l","status":"publish","type":"product","link":"https:\/\/promz.be\/fr\/product\/contenant-alimentaire-isolant-035-l\/","title":{"rendered":"Contenant alimentaire isolant 0,35 L"},"content":{"rendered":"<p>Con\u00e7u pour un style de vie dynamique, ce contenant alimentaire isolant en acier inoxydable conserve vos aliments ou liquides frais et savoureux \u00e0 la maison ou en d\u00e9placement. Sa large ouverture vous permet de le remplir facilement avec votre nourriture pr\u00e9f\u00e9r\u00e9e et de facilement manger dans le contenant lorsque vous avez faim. Vous avez de la soupe ou des p\u00e2tes que vous voulez garder au chaud jusqu&#8217;\u00e0 l&#8217;heure du d\u00e9jeuner? Pas de soucis, la construction \u00e0 double paroi garde le contenu du contenant chaud jusqu&#8217;\u00e0 6 heures!<\/p>\n<p>\u00a0<\/p>\n<p>bo\u00eete \u00e0 lunch|bo\u00eete \u00e0 lunch|bo\u00eete \u00e0 lunch|apporter le d\u00e9jeuner<\/p>\n","protected":false},"excerpt":{"rendered":"<p>Con\u00e7u pour un style de vie dynamique, ce contenant alimentaire isolant en acier inoxydable conserve vos aliments ou liquides frais et savoureux \u00e0 la maison ou en d\u00e9placement. Sa large ouverture vous permet de le remplir facilement avec votre nourriture pr\u00e9f\u00e9r\u00e9e et de facilement manger dans le contenant lorsque vous avez faim. Vous avez de la soupe ou des p\u00e2tes que vous voulez garder au chaud jusqu&#8217;\u00e0 l&#8217;heure du d\u00e9jeuner? Pas de soucis, la construction \u00e0 double paroi garde le contenu du contenant chaud jusqu&#8217;\u00e0 6 heures! [&#8230;]<\/p>\n<p><a class=\"btn btn-secondary understrap-read-more-link\" href=\"https:\/\/promz.be\/fr\/product\/contenant-alimentaire-isolant-035-l\/\">Lire la suite&#8230;<\/a><\/p>\n","protected":false},"featured_media":15326,"comment_status":"closed","ping_status":"open","template":"","meta":[],"product_cat":[986,988,950,973,957],"product_tag":[],"_links":{"self":[{"href":"https:\/\/promz.be\/fr\/wp-json\/wp\/v2\/product\/34895"}],"collection":[{"href":"https:\/\/promz.be\/fr\/wp-json\/wp\/v2\/product"}],"about":[{"href":"https:\/\/promz.be\/fr\/wp-json\/wp\/v2\/types\/product"}],"replies":[{"embeddable":true,"href":"https:\/\/promz.be\/fr\/wp-json\/wp\/v2\/comments?post=34895"}],"wp:featuredmedia":[{"embeddable":true,"href":"https:\/\/promz.be\/fr\/wp-json\/wp\/v2\/media\/15326"}],"wp:attachment":[{"href":"https:\/\/promz.be\/fr\/wp-json\/wp\/v2\/media?parent=34895"}],"wp:term":[{"taxonomy":"product_cat","embeddable":true,"href":"https:\/\/promz.be\/fr\/wp-json\/wp\/v2\/product_cat?post=34895"},{"taxonomy":"product_tag","embeddable":true,"href":"https:\/\/promz.be\/fr\/wp-json\/wp\/v2\/product_tag?post=34895"}],"curies":[{"name":"wp","href":"https:\/\/api.w.org\/{rel}","templated":true}]}}