{"id":34897,"date":"2018-11-06T00:00:00","date_gmt":"2018-11-05T23:00:00","guid":{"rendered":"https:\/\/promz.be\/?post_type=product&#038;p=34897"},"modified":"2021-05-25T15:11:54","modified_gmt":"2021-05-25T13:11:54","slug":"boite-a-dejeuner-2-en-1-gris","status":"publish","type":"product","link":"https:\/\/promz.be\/fr\/product\/boite-a-dejeuner-2-en-1-gris\/","title":{"rendered":"Bo\u00eete \u00e0 d\u00e9jeuner 2 en 1 gris"},"content":{"rendered":"<p>Vos l\u00e9gumes pr\u00e9f\u00e9r\u00e9s avec une sauce savoureuse, un yaourt avec une poign\u00e9e de baies et du granola ou une soupe maison avec des cro\u00fbtons croustillants, quel que soit votre choix de collation ou de d\u00e9jeuner, dans cette bo\u00eete \u00e0 d\u00e9jeuner 2 en 1 vous les garderez frais et croustillant jusqu&#8217;\u00e0 ce que vous soyez pr\u00eat \u00e0 manger ! Les 2 contenants \u00e9tanches s\u00e9parent les ingr\u00e9dients avec des couvercles individuels que vous pouvez ouvrir en un tour de main pour m\u00e9langer leur contenu. Gr\u00e2ce \u00e0 sa conception compacte, la bo\u00eete se range dans presque tous les sacs et en plus, elle va au lave-vaisselle, ce qui facilite le nettoyage.<\/p>\n<p>\u00a0<\/p>\n<p>bo\u00eete \u00e0 lunch|bo\u00eete \u00e0 lunch|bo\u00eete \u00e0 lunch|apporter le d\u00e9jeuner<\/p>\n","protected":false},"excerpt":{"rendered":"<p>Vos l\u00e9gumes pr\u00e9f\u00e9r\u00e9s avec une sauce savoureuse, un yaourt avec une poign\u00e9e de baies et du granola ou une soupe maison avec des cro\u00fbtons croustillants, quel que soit votre choix de collation ou de d\u00e9jeuner, dans cette bo\u00eete \u00e0 d\u00e9jeuner 2 en 1 vous les garderez frais et croustillant jusqu&#8217;\u00e0 ce que vous soyez pr\u00eat \u00e0 manger ! Les 2 contenants \u00e9tanches s\u00e9parent les ingr\u00e9dients avec des couvercles individuels que vous pouvez ouvrir en un tour de main pour m\u00e9langer leur contenu. Gr\u00e2ce \u00e0 sa conception compacte, la bo\u00eete se range dans presque tous les sacs et en plus, elle va au lave-vaisselle, ce qui facilite le nettoyage. [&#8230;]<\/p>\n<p><a class=\"btn btn-secondary understrap-read-more-link\" href=\"https:\/\/promz.be\/fr\/product\/boite-a-dejeuner-2-en-1-gris\/\">Lire la suite&#8230;<\/a><\/p>\n","protected":false},"featured_media":16897,"comment_status":"closed","ping_status":"open","template":"","meta":[],"product_cat":[1014,988,950,973,957,954],"product_tag":[],"_links":{"self":[{"href":"https:\/\/promz.be\/fr\/wp-json\/wp\/v2\/product\/34897"}],"collection":[{"href":"https:\/\/promz.be\/fr\/wp-json\/wp\/v2\/product"}],"about":[{"href":"https:\/\/promz.be\/fr\/wp-json\/wp\/v2\/types\/product"}],"replies":[{"embeddable":true,"href":"https:\/\/promz.be\/fr\/wp-json\/wp\/v2\/comments?post=34897"}],"wp:featuredmedia":[{"embeddable":true,"href":"https:\/\/promz.be\/fr\/wp-json\/wp\/v2\/media\/16897"}],"wp:attachment":[{"href":"https:\/\/promz.be\/fr\/wp-json\/wp\/v2\/media?parent=34897"}],"wp:term":[{"taxonomy":"product_cat","embeddable":true,"href":"https:\/\/promz.be\/fr\/wp-json\/wp\/v2\/product_cat?post=34897"},{"taxonomy":"product_tag","embeddable":true,"href":"https:\/\/promz.be\/fr\/wp-json\/wp\/v2\/product_tag?post=34897"}],"curies":[{"name":"wp","href":"https:\/\/api.w.org\/{rel}","templated":true}]}}