{"id":34899,"date":"2018-08-07T00:00:00","date_gmt":"2018-08-06T22:00:00","guid":{"rendered":"https:\/\/promz.be\/?post_type=product&#038;p=34899"},"modified":"2021-05-25T15:11:56","modified_gmt":"2021-05-25T13:11:56","slug":"faitout-avec-couvercle-en-fonte-gris-24-cm","status":"publish","type":"product","link":"https:\/\/promz.be\/fr\/product\/faitout-avec-couvercle-en-fonte-gris-24-cm\/","title":{"rendered":"Faitout avec couvercle en fonte  gris 24 cm"},"content":{"rendered":"<p>Ce faitout en fonte est parfaite pour une large gamme de recettes en cocotte. D&#8217;une recette rapide de p\u00e2tes \u00e0 un rago\u00fbt savoureux qui doit cuire lentement, c\u2019est votre alli\u00e9 en cuisine. Il s\u2019emploie sur toutes les cuisini\u00e8res, mais aussi au four et est parfait pour le service en table, avec son mat\u00e9riau tr\u00e8s performant qui garde votre repas chaud pendant longtemps. Le couvercle avec le bouton en acier inoxydable aide \u00e0 conserver \u00e0 l\u2019int\u00e9rieur toutes les saveurs exquises.<\/p>\n<p>\u00a0<\/p>\n<p>pot de cuisson|fonte|pot de cuisson en fonte|pot \u00e0 rago\u00fbt<\/p>\n","protected":false},"excerpt":{"rendered":"<p>Ce faitout en fonte est parfaite pour une large gamme de recettes en cocotte. D&#8217;une recette rapide de p\u00e2tes \u00e0 un rago\u00fbt savoureux qui doit cuire lentement, c\u2019est votre alli\u00e9 en cuisine. Il s\u2019emploie sur toutes les cuisini\u00e8res, mais aussi au four et est parfait pour le service en table, avec son mat\u00e9riau tr\u00e8s performant qui garde votre repas chaud pendant longtemps. Le couvercle avec le bouton en acier inoxydable aide \u00e0 conserver \u00e0 l\u2019int\u00e9rieur toutes les saveurs exquises. [&#8230;]<\/p>\n<p><a class=\"btn btn-secondary understrap-read-more-link\" href=\"https:\/\/promz.be\/fr\/product\/faitout-avec-couvercle-en-fonte-gris-24-cm\/\">Lire la suite&#8230;<\/a><\/p>\n","protected":false},"featured_media":16901,"comment_status":"closed","ping_status":"open","template":"","meta":[],"product_cat":[986,988,950,957],"product_tag":[],"_links":{"self":[{"href":"https:\/\/promz.be\/fr\/wp-json\/wp\/v2\/product\/34899"}],"collection":[{"href":"https:\/\/promz.be\/fr\/wp-json\/wp\/v2\/product"}],"about":[{"href":"https:\/\/promz.be\/fr\/wp-json\/wp\/v2\/types\/product"}],"replies":[{"embeddable":true,"href":"https:\/\/promz.be\/fr\/wp-json\/wp\/v2\/comments?post=34899"}],"wp:featuredmedia":[{"embeddable":true,"href":"https:\/\/promz.be\/fr\/wp-json\/wp\/v2\/media\/16901"}],"wp:attachment":[{"href":"https:\/\/promz.be\/fr\/wp-json\/wp\/v2\/media?parent=34899"}],"wp:term":[{"taxonomy":"product_cat","embeddable":true,"href":"https:\/\/promz.be\/fr\/wp-json\/wp\/v2\/product_cat?post=34899"},{"taxonomy":"product_tag","embeddable":true,"href":"https:\/\/promz.be\/fr\/wp-json\/wp\/v2\/product_tag?post=34899"}],"curies":[{"name":"wp","href":"https:\/\/api.w.org\/{rel}","templated":true}]}}