{"id":34900,"date":"2018-08-13T00:00:00","date_gmt":"2018-08-12T22:00:00","guid":{"rendered":"https:\/\/promz.be\/?post_type=product&#038;p=34900"},"modified":"2021-05-25T15:11:57","modified_gmt":"2021-05-25T13:11:57","slug":"plat-a-gratin-ovale-grand-modele","status":"publish","type":"product","link":"https:\/\/promz.be\/fr\/product\/plat-a-gratin-ovale-grand-modele\/","title":{"rendered":"Plat \u00e0 gratin ovale grand mod\u00e8le"},"content":{"rendered":"<p>Assez grand pour un rago\u00fbt de taille familiale et suffisamment durable pour produire d&#8217;innombrables repas au fil des ans, ce plat \u00e0 gratin ovale est le compl\u00e9ment id\u00e9al de vos plats \u00e0 four. Ses larges poign\u00e9es vous aident \u00e0 bien saisir le plat tandis que le rev\u00eatement de haute qualit\u00e9 vous permet de ramasser facilement vos aliments du plat et de ne pas perdre de temps lors du nettoyage.<\/p>\n<p>\u00a0<\/p>\n<p>plat \u00e0 four|plat de cuisson|plat de service<\/p>\n","protected":false},"excerpt":{"rendered":"<p>Assez grand pour un rago\u00fbt de taille familiale et suffisamment durable pour produire d&#8217;innombrables repas au fil des ans, ce plat \u00e0 gratin ovale est le compl\u00e9ment id\u00e9al de vos plats \u00e0 four. Ses larges poign\u00e9es vous aident \u00e0 bien saisir le plat tandis que le rev\u00eatement de haute qualit\u00e9 vous permet de ramasser facilement vos aliments du plat et de ne pas perdre de temps lors du nettoyage. [&#8230;]<\/p>\n<p><a class=\"btn btn-secondary understrap-read-more-link\" href=\"https:\/\/promz.be\/fr\/product\/plat-a-gratin-ovale-grand-modele\/\">Lire la suite&#8230;<\/a><\/p>\n","protected":false},"featured_media":16915,"comment_status":"closed","ping_status":"open","template":"","meta":[],"product_cat":[986,988,950,957],"product_tag":[],"_links":{"self":[{"href":"https:\/\/promz.be\/fr\/wp-json\/wp\/v2\/product\/34900"}],"collection":[{"href":"https:\/\/promz.be\/fr\/wp-json\/wp\/v2\/product"}],"about":[{"href":"https:\/\/promz.be\/fr\/wp-json\/wp\/v2\/types\/product"}],"replies":[{"embeddable":true,"href":"https:\/\/promz.be\/fr\/wp-json\/wp\/v2\/comments?post=34900"}],"wp:featuredmedia":[{"embeddable":true,"href":"https:\/\/promz.be\/fr\/wp-json\/wp\/v2\/media\/16915"}],"wp:attachment":[{"href":"https:\/\/promz.be\/fr\/wp-json\/wp\/v2\/media?parent=34900"}],"wp:term":[{"taxonomy":"product_cat","embeddable":true,"href":"https:\/\/promz.be\/fr\/wp-json\/wp\/v2\/product_cat?post=34900"},{"taxonomy":"product_tag","embeddable":true,"href":"https:\/\/promz.be\/fr\/wp-json\/wp\/v2\/product_tag?post=34900"}],"curies":[{"name":"wp","href":"https:\/\/api.w.org\/{rel}","templated":true}]}}