{"id":34901,"date":"2018-07-16T00:00:00","date_gmt":"2018-07-15T22:00:00","guid":{"rendered":"https:\/\/promz.be\/?post_type=product&#038;p=34901"},"modified":"2021-05-25T15:11:58","modified_gmt":"2021-05-25T13:11:58","slug":"ramequin-creme-brulee-4-x","status":"publish","type":"product","link":"https:\/\/promz.be\/fr\/product\/ramequin-creme-brulee-4-x\/","title":{"rendered":"Ramequin cr\u00e8me br\u00fbl\u00e9e 4 x"},"content":{"rendered":"<p>Id\u00e9al pour toutes sortes de mini-quiches, souffl\u00e9s, cr\u00e8me br\u00fbl\u00e9e et bien plus encore, ces ramequins sont des ustensiles de cuisine essentiels pour tous ceux qui aiment exp\u00e9rimenter dans la cuisine. Gr\u00e2ce au gr\u00e8s de haute qualit\u00e9 qui assure une r\u00e9partition et une r\u00e9tention uniformes de la chaleur, vous obtiendrez toujours cette cuisson parfaite et garderez vos cr\u00e9ations au chaud plus longtemps. En plus de cela, les ramequins sont adapt\u00e9s au micro-ondes et au lave-vaisselle afin que vous puissiez facilement les r\u00e9chauffer et nettoyer!<\/p>\n<p>\u00a0<\/p>\n<p>plat \u00e0 four|plat de cuisson|plat de service<\/p>\n","protected":false},"excerpt":{"rendered":"<p>Id\u00e9al pour toutes sortes de mini-quiches, souffl\u00e9s, cr\u00e8me br\u00fbl\u00e9e et bien plus encore, ces ramequins sont des ustensiles de cuisine essentiels pour tous ceux qui aiment exp\u00e9rimenter dans la cuisine. Gr\u00e2ce au gr\u00e8s de haute qualit\u00e9 qui assure une r\u00e9partition et une r\u00e9tention uniformes de la chaleur, vous obtiendrez toujours cette cuisson parfaite et garderez vos cr\u00e9ations au chaud plus longtemps. En plus de cela, les ramequins sont adapt\u00e9s au micro-ondes et au lave-vaisselle afin que vous puissiez facilement les r\u00e9chauffer et nettoyer! [&#8230;]<\/p>\n<p><a class=\"btn btn-secondary understrap-read-more-link\" href=\"https:\/\/promz.be\/fr\/product\/ramequin-creme-brulee-4-x\/\">Lire la suite&#8230;<\/a><\/p>\n","protected":false},"featured_media":16929,"comment_status":"closed","ping_status":"open","template":"","meta":[],"product_cat":[986,988,950,957],"product_tag":[],"_links":{"self":[{"href":"https:\/\/promz.be\/fr\/wp-json\/wp\/v2\/product\/34901"}],"collection":[{"href":"https:\/\/promz.be\/fr\/wp-json\/wp\/v2\/product"}],"about":[{"href":"https:\/\/promz.be\/fr\/wp-json\/wp\/v2\/types\/product"}],"replies":[{"embeddable":true,"href":"https:\/\/promz.be\/fr\/wp-json\/wp\/v2\/comments?post=34901"}],"wp:featuredmedia":[{"embeddable":true,"href":"https:\/\/promz.be\/fr\/wp-json\/wp\/v2\/media\/16929"}],"wp:attachment":[{"href":"https:\/\/promz.be\/fr\/wp-json\/wp\/v2\/media?parent=34901"}],"wp:term":[{"taxonomy":"product_cat","embeddable":true,"href":"https:\/\/promz.be\/fr\/wp-json\/wp\/v2\/product_cat?post=34901"},{"taxonomy":"product_tag","embeddable":true,"href":"https:\/\/promz.be\/fr\/wp-json\/wp\/v2\/product_tag?post=34901"}],"curies":[{"name":"wp","href":"https:\/\/api.w.org\/{rel}","templated":true}]}}