{"id":34902,"date":"2018-08-31T00:00:00","date_gmt":"2018-08-30T22:00:00","guid":{"rendered":"https:\/\/promz.be\/?post_type=product&#038;p=34902"},"modified":"2021-05-25T15:12:00","modified_gmt":"2021-05-25T13:12:00","slug":"gants-pour-four-set-de-2","status":"publish","type":"product","link":"https:\/\/promz.be\/fr\/product\/gants-pour-four-set-de-2\/","title":{"rendered":"Gants pour four (set de 2)"},"content":{"rendered":"<p>Que vous sortiez un moule du four, ramassiez une casserole chaude sur la table de cuisson ou sortiez un bol fumant du four \u00e0 micro-ondes, prot\u00e9gez toujours vos mains en style avec cet ensemble de gants pour four. Ils sont fabriqu\u00e9s \u00e0 partir de coton 100% avec un look denim noir qui correspond parfaitement \u00e0 la batterie de cuisine Gem et ont une doublure en \u00e9ponge douce. Une fois que vous avez termin\u00e9, rangez-les simplement dans le tiroir de votre cuisine ou utilisez la boucle de suspension pratique pour un rangement facile.<\/p>\n<p>\u00a0<\/p>\n<p>tablier|tablier de cuisine|textiles de cuisine<\/p>\n","protected":false},"excerpt":{"rendered":"<p>Que vous sortiez un moule du four, ramassiez une casserole chaude sur la table de cuisson ou sortiez un bol fumant du four \u00e0 micro-ondes, prot\u00e9gez toujours vos mains en style avec cet ensemble de gants pour four. Ils sont fabriqu\u00e9s \u00e0 partir de coton 100% avec un look denim noir qui correspond parfaitement \u00e0 la batterie de cuisine Gem et ont une doublure en \u00e9ponge douce. Une fois que vous avez termin\u00e9, rangez-les simplement dans le tiroir de votre cuisine ou utilisez la boucle de suspension pratique pour un rangement facile. [&#8230;]<\/p>\n<p><a class=\"btn btn-secondary understrap-read-more-link\" href=\"https:\/\/promz.be\/fr\/product\/gants-pour-four-set-de-2\/\">Lire la suite&#8230;<\/a><\/p>\n","protected":false},"featured_media":16913,"comment_status":"closed","ping_status":"open","template":"","meta":[],"product_cat":[986,988,950,957],"product_tag":[],"_links":{"self":[{"href":"https:\/\/promz.be\/fr\/wp-json\/wp\/v2\/product\/34902"}],"collection":[{"href":"https:\/\/promz.be\/fr\/wp-json\/wp\/v2\/product"}],"about":[{"href":"https:\/\/promz.be\/fr\/wp-json\/wp\/v2\/types\/product"}],"replies":[{"embeddable":true,"href":"https:\/\/promz.be\/fr\/wp-json\/wp\/v2\/comments?post=34902"}],"wp:featuredmedia":[{"embeddable":true,"href":"https:\/\/promz.be\/fr\/wp-json\/wp\/v2\/media\/16913"}],"wp:attachment":[{"href":"https:\/\/promz.be\/fr\/wp-json\/wp\/v2\/media?parent=34902"}],"wp:term":[{"taxonomy":"product_cat","embeddable":true,"href":"https:\/\/promz.be\/fr\/wp-json\/wp\/v2\/product_cat?post=34902"},{"taxonomy":"product_tag","embeddable":true,"href":"https:\/\/promz.be\/fr\/wp-json\/wp\/v2\/product_tag?post=34902"}],"curies":[{"name":"wp","href":"https:\/\/api.w.org\/{rel}","templated":true}]}}