{"id":34903,"date":"2018-09-11T00:00:00","date_gmt":"2018-09-10T22:00:00","guid":{"rendered":"https:\/\/promz.be\/?post_type=product&#038;p=34903"},"modified":"2021-05-25T15:12:01","modified_gmt":"2021-05-25T13:12:01","slug":"rape-ovale-24-cm","status":"publish","type":"product","link":"https:\/\/promz.be\/fr\/product\/rape-ovale-24-cm\/","title":{"rendered":"R\u00e2pe ovale 24 cm"},"content":{"rendered":"<p>De grossier \u00e0 fin, gr\u00e2ce aux diff\u00e9rentes lames en acier inoxydable sur cette r\u00e2pe ovale, vous pouvez r\u00e2per vos ingr\u00e9dients comme vous le souhaitez. Saisissez simplement la poign\u00e9e ergonomique douce au toucher et zestez, r\u00e2pez ou morcelez vos fruits, l\u00e9gumes ou autres aliments en un tour de main. Vous n&#8217;avez pas \u00e0 vous soucier des rayures ou autres marques sur le comptoir de votre cuisine pendant que vous r\u00e2pez, car la base en caoutchouc de la r\u00e2pe prot\u00e9gera toute surface.<\/p>\n<p>\u00a0<\/p>\n<p>couper|r\u00e2per|r\u00e2pe \u00e0 main<\/p>\n","protected":false},"excerpt":{"rendered":"<p>De grossier \u00e0 fin, gr\u00e2ce aux diff\u00e9rentes lames en acier inoxydable sur cette r\u00e2pe ovale, vous pouvez r\u00e2per vos ingr\u00e9dients comme vous le souhaitez. Saisissez simplement la poign\u00e9e ergonomique douce au toucher et zestez, r\u00e2pez ou morcelez vos fruits, l\u00e9gumes ou autres aliments en un tour de main. Vous n&#8217;avez pas \u00e0 vous soucier des rayures ou autres marques sur le comptoir de votre cuisine pendant que vous r\u00e2pez, car la base en caoutchouc de la r\u00e2pe prot\u00e9gera toute surface. [&#8230;]<\/p>\n<p><a class=\"btn btn-secondary understrap-read-more-link\" href=\"https:\/\/promz.be\/fr\/product\/rape-ovale-24-cm\/\">Lire la suite&#8230;<\/a><\/p>\n","protected":false},"featured_media":16921,"comment_status":"closed","ping_status":"open","template":"","meta":[],"product_cat":[986,988,950,957],"product_tag":[],"_links":{"self":[{"href":"https:\/\/promz.be\/fr\/wp-json\/wp\/v2\/product\/34903"}],"collection":[{"href":"https:\/\/promz.be\/fr\/wp-json\/wp\/v2\/product"}],"about":[{"href":"https:\/\/promz.be\/fr\/wp-json\/wp\/v2\/types\/product"}],"replies":[{"embeddable":true,"href":"https:\/\/promz.be\/fr\/wp-json\/wp\/v2\/comments?post=34903"}],"wp:featuredmedia":[{"embeddable":true,"href":"https:\/\/promz.be\/fr\/wp-json\/wp\/v2\/media\/16921"}],"wp:attachment":[{"href":"https:\/\/promz.be\/fr\/wp-json\/wp\/v2\/media?parent=34903"}],"wp:term":[{"taxonomy":"product_cat","embeddable":true,"href":"https:\/\/promz.be\/fr\/wp-json\/wp\/v2\/product_cat?post=34903"},{"taxonomy":"product_tag","embeddable":true,"href":"https:\/\/promz.be\/fr\/wp-json\/wp\/v2\/product_tag?post=34903"}],"curies":[{"name":"wp","href":"https:\/\/api.w.org\/{rel}","templated":true}]}}