{"id":34906,"date":"2018-09-28T00:00:00","date_gmt":"2018-09-27T22:00:00","guid":{"rendered":"https:\/\/promz.be\/?post_type=product&#038;p=34906"},"modified":"2021-05-25T15:12:04","modified_gmt":"2021-05-25T13:12:04","slug":"theiere-13-l","status":"publish","type":"product","link":"https:\/\/promz.be\/fr\/product\/theiere-13-l\/","title":{"rendered":"Th\u00e9i\u00e8re 1,3 L"},"content":{"rendered":"<p>Si vous \u00eates \u00e0 la recherche d&#8217;une solution \u00e9l\u00e9gante pour garder votre th\u00e9 au chaud, cette th\u00e9i\u00e8re est faite pour vous! Remplissez simplement l&#8217;infuseur en acier inoxydable avec la quantit\u00e9 d\u00e9sir\u00e9e de feuilles de th\u00e9, observez le processus d&#8217;infusion dans le corps en verre transparent et gardez votre th\u00e9 bien au chaud avec une simple bougie chauffe-plat que vous placez sous le support en acier inoxydable. Vous voulez une recharge? Prenez simplement la poign\u00e9e pratique et versez-vous une autre tasse de th\u00e9 rafra\u00eechissante sans d\u00e9gouliner gr\u00e2ce au bec sans \u00e9gouttement.<\/p>\n<p>\u00a0<\/p>\n<p>th\u00e9i\u00e8re|cafeti\u00e8re|faire du th\u00e9<\/p>\n","protected":false},"excerpt":{"rendered":"<p>Si vous \u00eates \u00e0 la recherche d&#8217;une solution \u00e9l\u00e9gante pour garder votre th\u00e9 au chaud, cette th\u00e9i\u00e8re est faite pour vous! Remplissez simplement l&#8217;infuseur en acier inoxydable avec la quantit\u00e9 d\u00e9sir\u00e9e de feuilles de th\u00e9, observez le processus d&#8217;infusion dans le corps en verre transparent et gardez votre th\u00e9 bien au chaud avec une simple bougie chauffe-plat que vous placez sous le support en acier inoxydable. Vous voulez une recharge? Prenez simplement la poign\u00e9e pratique et versez-vous une autre tasse de th\u00e9 rafra\u00eechissante sans d\u00e9gouliner gr\u00e2ce au bec sans \u00e9gouttement. [&#8230;]<\/p>\n<p><a class=\"btn btn-secondary understrap-read-more-link\" href=\"https:\/\/promz.be\/fr\/product\/theiere-13-l\/\">Lire la suite&#8230;<\/a><\/p>\n","protected":false},"featured_media":16931,"comment_status":"closed","ping_status":"open","template":"","meta":[],"product_cat":[947,986,988,950,995,957],"product_tag":[],"_links":{"self":[{"href":"https:\/\/promz.be\/fr\/wp-json\/wp\/v2\/product\/34906"}],"collection":[{"href":"https:\/\/promz.be\/fr\/wp-json\/wp\/v2\/product"}],"about":[{"href":"https:\/\/promz.be\/fr\/wp-json\/wp\/v2\/types\/product"}],"replies":[{"embeddable":true,"href":"https:\/\/promz.be\/fr\/wp-json\/wp\/v2\/comments?post=34906"}],"wp:featuredmedia":[{"embeddable":true,"href":"https:\/\/promz.be\/fr\/wp-json\/wp\/v2\/media\/16931"}],"wp:attachment":[{"href":"https:\/\/promz.be\/fr\/wp-json\/wp\/v2\/media?parent=34906"}],"wp:term":[{"taxonomy":"product_cat","embeddable":true,"href":"https:\/\/promz.be\/fr\/wp-json\/wp\/v2\/product_cat?post=34906"},{"taxonomy":"product_tag","embeddable":true,"href":"https:\/\/promz.be\/fr\/wp-json\/wp\/v2\/product_tag?post=34906"}],"curies":[{"name":"wp","href":"https:\/\/api.w.org\/{rel}","templated":true}]}}