{"id":34907,"date":"2018-08-06T00:00:00","date_gmt":"2018-08-05T22:00:00","guid":{"rendered":"https:\/\/promz.be\/?post_type=product&#038;p=34907"},"modified":"2021-05-25T15:12:05","modified_gmt":"2021-05-25T13:12:05","slug":"set-ciseaux-2-pcs","status":"publish","type":"product","link":"https:\/\/promz.be\/fr\/product\/set-ciseaux-2-pcs\/","title":{"rendered":"Set ciseaux 2 pcs"},"content":{"rendered":"<p>Plus besoin de fouiller dans vos tiroirs de cuisine pour trouver vos ciseaux! Gr\u00e2ce \u00e0 cet ensemble de ciseaux 2 pi\u00e8ces, vous n&#8217;aurez plus de difficult\u00e9s \u00e0 trouver vos ciseaux car ils sont gard\u00e9s dans un \u00e9tui magn\u00e9tique pour un acc\u00e8s facile et un stockage s\u00fbr. Les lames tranchantes en acier inoxydable vous aideront \u00e0 couper une grande vari\u00e9t\u00e9 d\u2019articles, tandis que les poign\u00e9es ergonomiques et antid\u00e9rapantes assurent une prise s\u00fbre pour une d\u00e9coupe en toute s\u00e9curit\u00e9.<\/p>\n<p>\u00a0<\/p>\n<p>ciseaux de cuisine|coupez|<\/p>\n","protected":false},"excerpt":{"rendered":"<p>Plus besoin de fouiller dans vos tiroirs de cuisine pour trouver vos ciseaux! Gr\u00e2ce \u00e0 cet ensemble de ciseaux 2 pi\u00e8ces, vous n&#8217;aurez plus de difficult\u00e9s \u00e0 trouver vos ciseaux car ils sont gard\u00e9s dans un \u00e9tui magn\u00e9tique pour un acc\u00e8s facile et un stockage s\u00fbr. Les lames tranchantes en acier inoxydable vous aideront \u00e0 couper une grande vari\u00e9t\u00e9 d\u2019articles, tandis que les poign\u00e9es ergonomiques et antid\u00e9rapantes assurent une prise s\u00fbre pour une d\u00e9coupe en toute s\u00e9curit\u00e9. [&#8230;]<\/p>\n<p><a class=\"btn btn-secondary understrap-read-more-link\" href=\"https:\/\/promz.be\/fr\/product\/set-ciseaux-2-pcs\/\">Lire la suite&#8230;<\/a><\/p>\n","protected":false},"featured_media":16925,"comment_status":"closed","ping_status":"open","template":"","meta":[],"product_cat":[986,988,950,957],"product_tag":[],"_links":{"self":[{"href":"https:\/\/promz.be\/fr\/wp-json\/wp\/v2\/product\/34907"}],"collection":[{"href":"https:\/\/promz.be\/fr\/wp-json\/wp\/v2\/product"}],"about":[{"href":"https:\/\/promz.be\/fr\/wp-json\/wp\/v2\/types\/product"}],"replies":[{"embeddable":true,"href":"https:\/\/promz.be\/fr\/wp-json\/wp\/v2\/comments?post=34907"}],"wp:featuredmedia":[{"embeddable":true,"href":"https:\/\/promz.be\/fr\/wp-json\/wp\/v2\/media\/16925"}],"wp:attachment":[{"href":"https:\/\/promz.be\/fr\/wp-json\/wp\/v2\/media?parent=34907"}],"wp:term":[{"taxonomy":"product_cat","embeddable":true,"href":"https:\/\/promz.be\/fr\/wp-json\/wp\/v2\/product_cat?post=34907"},{"taxonomy":"product_tag","embeddable":true,"href":"https:\/\/promz.be\/fr\/wp-json\/wp\/v2\/product_tag?post=34907"}],"curies":[{"name":"wp","href":"https:\/\/api.w.org\/{rel}","templated":true}]}}