{"id":34914,"date":"2018-07-24T00:00:00","date_gmt":"2018-07-23T22:00:00","guid":{"rendered":"https:\/\/promz.be\/?post_type=product&#038;p=34914"},"modified":"2021-05-25T15:12:12","modified_gmt":"2021-05-25T13:12:12","slug":"set-de-service-pour-pizza","status":"publish","type":"product","link":"https:\/\/promz.be\/fr\/product\/set-de-service-pour-pizza\/","title":{"rendered":"Set de service pour pizza"},"content":{"rendered":"<p>La ligne Leo de BergHOFF apporte des couleurs ludiques, des formes pures et des textures douces \u00e0 la cuisine. Les poign\u00e9es en bois par rapport aux mati\u00e8res synth\u00e9tiques, les mat\u00e9riaux doux face \u00e0 l&#8217;acier inoxydable, les fibres de li\u00e8ge et de bambou. Le Designer interne de BergHOFF, Pieter Roex, a choisi chaque ressource pour d\u00e9montrer ses qualit\u00e9s particuli\u00e8res en mati\u00e8re de fonction et de design. Une approche qui a attir\u00e9 l&#8217;attention du jury Red Dot Design qui a honor\u00e9 rapidement les estampilles ravioli et le set \u00e0 pizza avec le Red Dot Design award.<\/p>\n<p>Cr\u00e9ez une d\u00e9licieuse pizza italienne authentique \u00e0 la maison avec le set \u00e0 pizza Leo. La pierre \u00e0 four en c\u00e9ramique de haute qualit\u00e9 garde et distribue la chaleur uniform\u00e9ment tout en absorbant l&#8217;humidit\u00e9 de la p\u00e2te ce qui la rend croustillante \u00e0 perfection. Le couteau \u00e0 pizza offre deux fonctions en une seule. La lame facilite le travail de d\u00e9coupe des pizzas minces ou avec cro\u00fbte \u00e9paisse tandis que le r\u00e2pe int\u00e9gr\u00e9e coupe finement le fromage pour une belle garniture. La spatule en bois naturelle est con\u00e7ue pour glisser sous la pizza pour le placer dans un four chaud et de la sortir quand elle est pr\u00eate. La spatule va directement du four \u00e0 table puisqu&#8217;elle sert de planche \u00e0 d\u00e9couper et de plat de service. Le syst\u00e8me de marquage int\u00e9gr\u00e9 rend le portionnement facile et assure des parts \u00e0 de taille \u00e9gale. Mat\u00e9riel: Acier inoxydable, Bambou, Cordierite stone, Reinforced glass-fiber PP.<\/p>\n<p>Ligne de produits: Gamme Leo.<\/p>\n<p>Concepteur: Pieter Roex.<\/p>\n<p>Ext\u00e9rieur: Satin\u00e9.<\/p>\n<p>\u00a0<\/p>\n<p>pizza|p\u00e2tes|accessoires pour pizza<\/p>\n","protected":false},"excerpt":{"rendered":"<p>La ligne Leo de BergHOFF apporte des couleurs ludiques, des formes pures et des textures douces \u00e0 la cuisine. Les poign\u00e9es en bois par rapport aux mati\u00e8res synth\u00e9tiques, les mat\u00e9riaux doux face \u00e0 l&#8217;acier inoxydable, les fibres de li\u00e8ge et de bambou. Le Designer interne de BergHOFF, Pieter Roex, a choisi chaque ressource pour d\u00e9montrer ses qualit\u00e9s particuli\u00e8res en mati\u00e8re de fonction et de design. Une approche qui a attir\u00e9 l&#8217;attention du jury Red Dot Design qui a honor\u00e9 rapidement les estampilles ravioli et le set \u00e0 pizza avec le Red Dot Design award.<\/p>\n<p>Cr\u00e9ez une d\u00e9licieuse pizza italienne authentique \u00e0 la maison avec le set \u00e0 pizza Leo. La pierre \u00e0 four en c\u00e9ramique de haute qualit\u00e9 garde et distribue la chaleur uniform\u00e9ment tout en absorbant l&#8217;humidit\u00e9 de la p\u00e2te ce qui la rend croustillante \u00e0 perfection. Le couteau \u00e0 pizza offre deux fonctions en une seule. La lame facilite le travail de d\u00e9coupe des pizzas minces ou avec cro\u00fbte \u00e9paisse tandis que le r\u00e2pe int\u00e9gr\u00e9e coupe finement le fromage pour une belle garniture. La spatule en bois naturelle est con\u00e7ue pour glisser sous la pizza pour le placer dans un four chaud et de la sortir quand elle est pr\u00eate. La spatule va directement du four \u00e0 table puisqu&#8217;elle sert de planche \u00e0 d\u00e9couper et de plat de service. Le syst\u00e8me de marquage int\u00e9gr\u00e9 rend le portionnement facile et assure des parts \u00e0 de taille \u00e9gale. Mat\u00e9riel: Acier inoxydable, Bambou, Cordierite stone, Reinforced glass-fiber PP.<\/p>\n<p>Ligne de produits: Gamme Leo.<\/p>\n<p>Concepteur: Pieter Roex.<\/p>\n<p>Ext\u00e9rieur: Satin\u00e9. [&#8230;]<\/p>\n<p><a class=\"btn btn-secondary understrap-read-more-link\" href=\"https:\/\/promz.be\/fr\/product\/set-de-service-pour-pizza\/\">Lire la suite&#8230;<\/a><\/p>\n","protected":false},"featured_media":25190,"comment_status":"closed","ping_status":"open","template":"","meta":[],"product_cat":[988,950],"product_tag":[],"_links":{"self":[{"href":"https:\/\/promz.be\/fr\/wp-json\/wp\/v2\/product\/34914"}],"collection":[{"href":"https:\/\/promz.be\/fr\/wp-json\/wp\/v2\/product"}],"about":[{"href":"https:\/\/promz.be\/fr\/wp-json\/wp\/v2\/types\/product"}],"replies":[{"embeddable":true,"href":"https:\/\/promz.be\/fr\/wp-json\/wp\/v2\/comments?post=34914"}],"wp:featuredmedia":[{"embeddable":true,"href":"https:\/\/promz.be\/fr\/wp-json\/wp\/v2\/media\/25190"}],"wp:attachment":[{"href":"https:\/\/promz.be\/fr\/wp-json\/wp\/v2\/media?parent=34914"}],"wp:term":[{"taxonomy":"product_cat","embeddable":true,"href":"https:\/\/promz.be\/fr\/wp-json\/wp\/v2\/product_cat?post=34914"},{"taxonomy":"product_tag","embeddable":true,"href":"https:\/\/promz.be\/fr\/wp-json\/wp\/v2\/product_tag?post=34914"}],"curies":[{"name":"wp","href":"https:\/\/api.w.org\/{rel}","templated":true}]}}