{"id":35774,"date":"2021-11-15T11:40:14","date_gmt":"2021-11-15T10:44:37","guid":{"rendered":"https:\/\/promz.be\/?post_type=product&#038;p=35774"},"modified":"2021-11-15T11:44:38","modified_gmt":"2021-11-15T10:44:38","slug":"du-linge-sur-mesure-pour-votre-entreprise","status":"publish","type":"product","link":"https:\/\/promz.be\/fr\/product\/du-linge-sur-mesure-pour-votre-entreprise\/","title":{"rendered":"Du linge sur mesure pour votre entreprise"},"content":{"rendered":"<p>Linge de lit, de bain, de cuisine et de table sur mesure ou personnalis\u00e9?<\/p>\n<p>Depuis 1898, De Witte Lietaer garantit des produits intemporels, \u00e9l\u00e9gants et de qualit\u00e9.<\/p>\n<p>Personnalisez votre textile pour remercier, montrer votre appr\u00e9ciation ou positionner votre marque !<br \/>\nDemandez un devis sans engagement pour tous vos souhaits de textile.<\/p>\n<p><strong><a href=\"http:\/\/www.dwl.be\/nl\/competence-in-linen-72.htm\" target=\"_blank\" rel=\"noopener\">De Witte Lietaer<\/a>\u00a0| +32 (0)56 43 02 11\u00a0<\/strong><\/p>\n","protected":false},"excerpt":{"rendered":"<p>Linge de lit, de bain, de cuisine et de table sur mesure ou personnalis\u00e9?<\/p>\n<p>Depuis 1898, De Witte Lietaer garantit des produits intemporels, \u00e9l\u00e9gants et de qualit\u00e9.<\/p>\n<p>Personnalisez votre textile pour remercier, montrer votre appr\u00e9ciation ou positionner votre marque !<br \/>\nDemandez un devis sans engagement pour tous vos souhaits de textile.<\/p>\n<p><strong><a href=\"http:\/\/www.dwl.be\/nl\/competence-in-linen-72.htm\" target=\"_blank\" rel=\"noopener\">De Witte Lietaer<\/a>\u00a0| +32 (0)56 43 02 11\u00a0<\/strong> [&#8230;]<\/p>\n<p><a class=\"btn btn-secondary understrap-read-more-link\" href=\"https:\/\/promz.be\/fr\/product\/du-linge-sur-mesure-pour-votre-entreprise\/\">Lire la suite&#8230;<\/a><\/p>\n","protected":false},"featured_media":35772,"comment_status":"open","ping_status":"closed","template":"","meta":[],"product_cat":[988,950,966,991],"product_tag":[],"_links":{"self":[{"href":"https:\/\/promz.be\/fr\/wp-json\/wp\/v2\/product\/35774"}],"collection":[{"href":"https:\/\/promz.be\/fr\/wp-json\/wp\/v2\/product"}],"about":[{"href":"https:\/\/promz.be\/fr\/wp-json\/wp\/v2\/types\/product"}],"replies":[{"embeddable":true,"href":"https:\/\/promz.be\/fr\/wp-json\/wp\/v2\/comments?post=35774"}],"wp:featuredmedia":[{"embeddable":true,"href":"https:\/\/promz.be\/fr\/wp-json\/wp\/v2\/media\/35772"}],"wp:attachment":[{"href":"https:\/\/promz.be\/fr\/wp-json\/wp\/v2\/media?parent=35774"}],"wp:term":[{"taxonomy":"product_cat","embeddable":true,"href":"https:\/\/promz.be\/fr\/wp-json\/wp\/v2\/product_cat?post=35774"},{"taxonomy":"product_tag","embeddable":true,"href":"https:\/\/promz.be\/fr\/wp-json\/wp\/v2\/product_tag?post=35774"}],"curies":[{"name":"wp","href":"https:\/\/api.w.org\/{rel}","templated":true}]}}