{"id":35782,"date":"2021-11-15T10:56:13","date_gmt":"2021-11-15T10:51:58","guid":{"rendered":"https:\/\/promz.be\/?post_type=product&#038;p=35782"},"modified":"2021-11-15T15:52:47","modified_gmt":"2021-11-15T14:52:47","slug":"cartes-cadeaux-collishop-professional","status":"publish","type":"product","link":"https:\/\/promz.be\/fr\/product\/cartes-cadeaux-collishop-professional\/","title":{"rendered":"Cartes-cadeaux ColliShop Professional"},"content":{"rendered":"<p>La fin de l\u2019ann\u00e9e approche petit \u00e0 petit : des moments de joie et de retrouvailles en perspective autour d\u2019un verre de bulles et de jolis cadeaux. Mais cette p\u00e9riode festive peut aussi g\u00e9n\u00e9rer un certain stress au moment de choisir les cadeaux. Oubliez ce stress gr\u00e2ce la carte-cadeau de ColliShop Professional qui vous offre en quelque sorte des magasins et des webshops en cadeau. Autre avantage : vous achetez belge.<\/p>\n<p>La carte-cadeau : des magasins et des webshops en cadeau<br \/>\n\u2022 Acheter local, c\u2019est faire un beau geste.<br \/>\n\u2022 Le b\u00e9n\u00e9ficiaire peut choisir un article en ligne et le payer avec sa carte-cadeau au point d\u2019enl\u00e8vement de son choix.<br \/>\n\u2022 Envoi physique des cartes \u00e0 l\u2019adresse postale souhait\u00e9e ou envoi \u00e9lectronique respectueux de l\u2019environnement, par vos soins ou par ColliShop Professional qui s\u2019occupe de tout pour vous.<\/p>\n<p><strong>Psst:<\/strong> si vous souhaitez recevoir votre carte-cadeau avant la fin de l\u2019ann\u00e9e, ne tardez pas \u00e0 la commander. Les d\u00e9lais de livraison sont les suivants :<br \/>\n\u00a7 Cartes imprim\u00e9es : 10 jours ouvrables.<br \/>\n\u00a7 Cartes num\u00e9riques, \u00e0 envoyer par vos soins : 4 jours ouvrables.<br \/>\n\u00a7 Cartes num\u00e9riques envoy\u00e9es par nos soins : minimum 2 semaines*.<br \/>\n*Apr\u00e8s signature de l\u2019accord de traitement dans le cadre du RGPD.<\/p>\n<p><strong><a href=\"https:\/\/www.collishopprofessional.be\/b2b\/static\/fr\/cartes-cadeaux.shtml?utm_campaign=Nieuwsbrief_november_KMOinsider_FR&amp;utm_medium=email&amp;utm_source=Nieuwsbrief_november_KMOinsider_FR&amp;utm_content=Geschenkkaarten\" target=\"_blank\" rel=\"noopener\">Offrez des magasins et webshops en cadeau<\/a><\/strong><\/p>\n<p>Un shopping de No\u00ebl ? Quelle bonne id\u00e9e !<\/p>\n<p>Si vous avez d\u2019autres questions, n\u2019h\u00e9sitez pas \u00e0 nous appeler au 02 363 51 50 ou \u00e0 envoyer un e-mail \u00e0 <a href=\"mailto:info@collishopprofessional.be\">info@collishopprofessional.be<\/a>. D\u00e9couvrez ici toute l\u2019\u00e9tendue de notre offre.<\/p>\n","protected":false},"excerpt":{"rendered":"<p>La fin de l\u2019ann\u00e9e approche petit \u00e0 petit : des moments de joie et de retrouvailles en perspective autour d\u2019un verre de bulles et de jolis cadeaux. Mais cette p\u00e9riode festive peut aussi g\u00e9n\u00e9rer un certain stress au moment de choisir les cadeaux. Oubliez ce stress gr\u00e2ce la carte-cadeau de ColliShop Professional qui vous offre en quelque sorte des magasins et des webshops en cadeau. Autre avantage : vous achetez belge.<\/p>\n<p>La carte-cadeau : des magasins et des webshops en cadeau<br \/>\n\u2022 Acheter local, c\u2019est faire un beau geste.<br \/>\n\u2022 Le b\u00e9n\u00e9ficiaire peut choisir un article en ligne et le payer avec sa carte-cadeau au point d\u2019enl\u00e8vement de son choix.<br \/>\n\u2022 Envoi physique des cartes \u00e0 l\u2019adresse postale souhait\u00e9e ou envoi \u00e9lectronique respectueux de l\u2019environnement, par vos soins ou par ColliShop Professional qui s\u2019occupe de tout pour vous.<\/p>\n<p><strong>Psst:<\/strong> si vous souhaitez recevoir votre carte-cadeau avant la fin de l\u2019ann\u00e9e, ne tardez pas \u00e0 la commander. Les d\u00e9lais de livraison sont les suivants :<br \/>\n\u00a7 Cartes imprim\u00e9es : 10 jours ouvrables.<br \/>\n\u00a7 Cartes num\u00e9riques, \u00e0 envoyer par vos soins : 4 jours ouvrables.<br \/>\n\u00a7 Cartes num\u00e9riques envoy\u00e9es par nos soins : minimum 2 semaines*.<br \/>\n*Apr\u00e8s signature de l\u2019accord de traitement dans le cadre du RGPD.<\/p>\n<p><strong><a href=\"https:\/\/www.collishopprofessional.be\/b2b\/static\/fr\/cartes-cadeaux.shtml?utm_campaign=Nieuwsbrief_november_KMOinsider_FR&amp;utm_medium=email&amp;utm_source=Nieuwsbrief_november_KMOinsider_FR&amp;utm_content=Geschenkkaarten\" target=\"_blank\" rel=\"noopener\">Offrez des magasins et webshops en cadeau<\/a><\/strong><\/p>\n<p>Un shopping de No\u00ebl ? Quelle bonne id\u00e9e !<\/p>\n<p>Si vous avez d\u2019autres questions, n\u2019h\u00e9sitez pas \u00e0 nous appeler au 02 363 51 50 ou \u00e0 envoyer un e-mail \u00e0 <a href=\"mailto:info@collishopprofessional.be\">info@collishopprofessional.be<\/a>. D\u00e9couvrez ici toute l\u2019\u00e9tendue de notre offre. [&#8230;]<\/p>\n<p><a class=\"btn btn-secondary understrap-read-more-link\" href=\"https:\/\/promz.be\/fr\/product\/cartes-cadeaux-collishop-professional\/\">Lire la suite&#8230;<\/a><\/p>\n","protected":false},"featured_media":35807,"comment_status":"open","ping_status":"closed","template":"","meta":[],"product_cat":[1008,946,991],"product_tag":[],"_links":{"self":[{"href":"https:\/\/promz.be\/fr\/wp-json\/wp\/v2\/product\/35782"}],"collection":[{"href":"https:\/\/promz.be\/fr\/wp-json\/wp\/v2\/product"}],"about":[{"href":"https:\/\/promz.be\/fr\/wp-json\/wp\/v2\/types\/product"}],"replies":[{"embeddable":true,"href":"https:\/\/promz.be\/fr\/wp-json\/wp\/v2\/comments?post=35782"}],"wp:featuredmedia":[{"embeddable":true,"href":"https:\/\/promz.be\/fr\/wp-json\/wp\/v2\/media\/35807"}],"wp:attachment":[{"href":"https:\/\/promz.be\/fr\/wp-json\/wp\/v2\/media?parent=35782"}],"wp:term":[{"taxonomy":"product_cat","embeddable":true,"href":"https:\/\/promz.be\/fr\/wp-json\/wp\/v2\/product_cat?post=35782"},{"taxonomy":"product_tag","embeddable":true,"href":"https:\/\/promz.be\/fr\/wp-json\/wp\/v2\/product_tag?post=35782"}],"curies":[{"name":"wp","href":"https:\/\/api.w.org\/{rel}","templated":true}]}}