{"id":35789,"date":"2021-11-15T11:59:16","date_gmt":"2021-11-15T11:00:55","guid":{"rendered":"https:\/\/promz.be\/?post_type=product&#038;p=35789"},"modified":"2021-11-15T12:00:56","modified_gmt":"2021-11-15T11:00:56","slug":"des-paquets-de-noel","status":"publish","type":"product","link":"https:\/\/promz.be\/fr\/product\/des-paquets-de-noel\/","title":{"rendered":"Des paquets de No\u00ebl"},"content":{"rendered":"<p>Chez Pasco No\u00ebl est la meilleure p\u00e9riode de l\u2019ann\u00e9e. L\u2019arbre de No\u00ebl est au milieu de notre bureau, les coll\u00e8gues sont joyeuses et ils ont une selection magnifique de paquets de No\u00ebl et cadeaux promotionnels pour nos clients.<\/p>\n<p><strong><a href=\"https:\/\/www.pascogifts.com\/nl\/\" target=\"_blank\" rel=\"noopener\">Pasco Business &amp; PromoGifts<\/a>\u00a0|\u00a0<\/strong><strong><a class=\"js-customer-service-phone-number c-header-contact__number c-header-contact__number__light u-pr-gamma \" href=\"tel:085 888 40 87\">085 888 40 87<\/a>\u00a0|\u00a0<\/strong><strong><a class=\"c-header-contact__email u-pr-gamma\" href=\"https:\/\/www.pascogifts.com\/nl\/contact\">info@pascogifts.com<\/a><\/strong><\/p>\n","protected":false},"excerpt":{"rendered":"<p>Chez Pasco No\u00ebl est la meilleure p\u00e9riode de l\u2019ann\u00e9e. L\u2019arbre de No\u00ebl est au milieu de notre bureau, les coll\u00e8gues sont joyeuses et ils ont une selection magnifique de paquets de No\u00ebl et cadeaux promotionnels pour nos clients.<\/p>\n<p><strong><a href=\"https:\/\/www.pascogifts.com\/nl\/\" target=\"_blank\" rel=\"noopener\">Pasco Business &amp; PromoGifts<\/a>\u00a0|\u00a0<\/strong><strong><a class=\"js-customer-service-phone-number c-header-contact__number c-header-contact__number__light u-pr-gamma \" href=\"tel:085 888 40 87\">085 888 40 87<\/a>\u00a0|\u00a0<\/strong><strong><a class=\"c-header-contact__email u-pr-gamma\" href=\"https:\/\/www.pascogifts.com\/nl\/contact\">info@pascogifts.com<\/a><\/strong> [&#8230;]<\/p>\n<p><a class=\"btn btn-secondary understrap-read-more-link\" href=\"https:\/\/promz.be\/fr\/product\/des-paquets-de-noel\/\">Lire la suite&#8230;<\/a><\/p>\n","protected":false},"featured_media":35788,"comment_status":"open","ping_status":"closed","template":"","meta":[],"product_cat":[979,984,991,1036],"product_tag":[],"_links":{"self":[{"href":"https:\/\/promz.be\/fr\/wp-json\/wp\/v2\/product\/35789"}],"collection":[{"href":"https:\/\/promz.be\/fr\/wp-json\/wp\/v2\/product"}],"about":[{"href":"https:\/\/promz.be\/fr\/wp-json\/wp\/v2\/types\/product"}],"replies":[{"embeddable":true,"href":"https:\/\/promz.be\/fr\/wp-json\/wp\/v2\/comments?post=35789"}],"wp:featuredmedia":[{"embeddable":true,"href":"https:\/\/promz.be\/fr\/wp-json\/wp\/v2\/media\/35788"}],"wp:attachment":[{"href":"https:\/\/promz.be\/fr\/wp-json\/wp\/v2\/media?parent=35789"}],"wp:term":[{"taxonomy":"product_cat","embeddable":true,"href":"https:\/\/promz.be\/fr\/wp-json\/wp\/v2\/product_cat?post=35789"},{"taxonomy":"product_tag","embeddable":true,"href":"https:\/\/promz.be\/fr\/wp-json\/wp\/v2\/product_tag?post=35789"}],"curies":[{"name":"wp","href":"https:\/\/api.w.org\/{rel}","templated":true}]}}