{"id":35801,"date":"2021-11-15T13:14:07","date_gmt":"2021-11-15T12:14:07","guid":{"rendered":"https:\/\/promz.be\/product\/nood-powerbank\/"},"modified":"2021-11-19T11:50:02","modified_gmt":"2021-11-19T10:50:02","slug":"lurgence-powerbank","status":"publish","type":"product","link":"https:\/\/promz.be\/fr\/product\/lurgence-powerbank\/","title":{"rendered":"&#8220;Aidez-moi \u00e0 sortir de l&#8217;urgence&#8221; &#8211; powerbank"},"content":{"rendered":"<p>Et vous y \u00eates ! Pour votre restaurant pr\u00e9f\u00e9r\u00e9 avec un t\u00e9l\u00e9phone portable vide sans acc\u00e8s \u00e0 votre Covid Safe Ticket. Ce Powerbank ouvre \u00e0 nouveau toutes les portes !<\/p>\n<p><strong><a href=\"https:\/\/gadgetfinder.be\/fr\/\" target=\"_blank\" rel=\"noopener\">GadgetFinder<\/a> | <a href=\"mailto:sales@gadgetfinder.be\">sales@gadgetfinder.be<\/a> | +32 2 377 48 33<\/strong><\/p>\n","protected":false},"excerpt":{"rendered":"<p>Et vous y \u00eates ! Pour votre restaurant pr\u00e9f\u00e9r\u00e9 avec un t\u00e9l\u00e9phone portable vide sans acc\u00e8s \u00e0 votre Covid Safe Ticket. Ce Powerbank ouvre \u00e0 nouveau toutes les portes !<\/p>\n<p><strong><a href=\"https:\/\/gadgetfinder.be\/fr\/\" target=\"_blank\" rel=\"noopener\">GadgetFinder<\/a> | <a href=\"mailto:sales@gadgetfinder.be\">sales@gadgetfinder.be<\/a> | +32 2 377 48 33<\/strong> [&#8230;]<\/p>\n<p><a class=\"btn btn-secondary understrap-read-more-link\" href=\"https:\/\/promz.be\/fr\/product\/lurgence-powerbank\/\">Lire la suite&#8230;<\/a><\/p>\n","protected":false},"featured_media":35800,"comment_status":"open","ping_status":"closed","template":"","meta":[],"product_cat":[951,1006,991,956],"product_tag":[],"_links":{"self":[{"href":"https:\/\/promz.be\/fr\/wp-json\/wp\/v2\/product\/35801"}],"collection":[{"href":"https:\/\/promz.be\/fr\/wp-json\/wp\/v2\/product"}],"about":[{"href":"https:\/\/promz.be\/fr\/wp-json\/wp\/v2\/types\/product"}],"replies":[{"embeddable":true,"href":"https:\/\/promz.be\/fr\/wp-json\/wp\/v2\/comments?post=35801"}],"wp:featuredmedia":[{"embeddable":true,"href":"https:\/\/promz.be\/fr\/wp-json\/wp\/v2\/media\/35800"}],"wp:attachment":[{"href":"https:\/\/promz.be\/fr\/wp-json\/wp\/v2\/media?parent=35801"}],"wp:term":[{"taxonomy":"product_cat","embeddable":true,"href":"https:\/\/promz.be\/fr\/wp-json\/wp\/v2\/product_cat?post=35801"},{"taxonomy":"product_tag","embeddable":true,"href":"https:\/\/promz.be\/fr\/wp-json\/wp\/v2\/product_tag?post=35801"}],"curies":[{"name":"wp","href":"https:\/\/api.w.org\/{rel}","templated":true}]}}