{"id":36220,"date":"2022-01-27T13:17:16","date_gmt":"2022-01-27T12:17:16","guid":{"rendered":"https:\/\/promz.be\/?post_type=product&#038;p=36220"},"modified":"2022-01-27T14:32:24","modified_gmt":"2022-01-27T13:32:24","slug":"couvert-enfant-miffy-vehicules-4-pieces-acier-inoxydable-avec-livre","status":"publish","type":"product","link":"https:\/\/promz.be\/fr\/product\/couvert-enfant-miffy-vehicules-4-pieces-acier-inoxydable-avec-livre\/","title":{"rendered":"Couvert enfant Miffy v\u00e9hicules, 4 pi\u00e8ces, acier inoxydable, avec livre"},"content":{"rendered":"<p>Joli coffret cadeau de la c\u00e9l\u00e8bre lapine Miffy avec des couverts en acier inoxydable et un livre de lecture. Le th\u00e8me est celui des v\u00e9hicules et les couverts pr\u00e9sentent un bateau, un train, une voiture et un avion. Le livret de la s\u00e9rie s\u2019intitule \u00ab\u00a0Petits v\u00e9hicules\u00a0\u00bb et apprend aux enfants de mani\u00e8re amusante tout ce qui roule, vole et navigue.<\/p>\n<p>Fourchette enfant: 170 mm<br \/>\nCouteau enfant: 179 mm<br \/>\nCuill\u00e8re enfant: 170 mm<br \/>\nCuill\u00e8re \u00e0 dessert: 135 mm<\/p>\n","protected":false},"excerpt":{"rendered":"<p>Joli coffret cadeau de la c\u00e9l\u00e8bre lapine Miffy avec des couverts en acier inoxydable et un livre de lecture. Le th\u00e8me est celui des v\u00e9hicules et les couverts pr\u00e9sentent un bateau, un train, une voiture et un avion. Le livret de la s\u00e9rie s\u2019intitule \u00ab\u00a0Petits v\u00e9hicules\u00a0\u00bb et apprend aux enfants de mani\u00e8re amusante tout ce qui roule, vole et navigue.<\/p>\n<p>Fourchette enfant: 170 mm<br \/>\nCouteau enfant: 179 mm<br \/>\nCuill\u00e8re enfant: 170 mm<br \/>\nCuill\u00e8re \u00e0 dessert: 135 mm [&#8230;]<\/p>\n<p><a class=\"btn btn-secondary understrap-read-more-link\" href=\"https:\/\/promz.be\/fr\/product\/couvert-enfant-miffy-vehicules-4-pieces-acier-inoxydable-avec-livre\/\">Lire la suite&#8230;<\/a><\/p>\n","protected":false},"featured_media":36233,"comment_status":"closed","ping_status":"closed","template":"","meta":[],"product_cat":[988,950,991,957],"product_tag":[],"_links":{"self":[{"href":"https:\/\/promz.be\/fr\/wp-json\/wp\/v2\/product\/36220"}],"collection":[{"href":"https:\/\/promz.be\/fr\/wp-json\/wp\/v2\/product"}],"about":[{"href":"https:\/\/promz.be\/fr\/wp-json\/wp\/v2\/types\/product"}],"replies":[{"embeddable":true,"href":"https:\/\/promz.be\/fr\/wp-json\/wp\/v2\/comments?post=36220"}],"wp:featuredmedia":[{"embeddable":true,"href":"https:\/\/promz.be\/fr\/wp-json\/wp\/v2\/media\/36233"}],"wp:attachment":[{"href":"https:\/\/promz.be\/fr\/wp-json\/wp\/v2\/media?parent=36220"}],"wp:term":[{"taxonomy":"product_cat","embeddable":true,"href":"https:\/\/promz.be\/fr\/wp-json\/wp\/v2\/product_cat?post=36220"},{"taxonomy":"product_tag","embeddable":true,"href":"https:\/\/promz.be\/fr\/wp-json\/wp\/v2\/product_tag?post=36220"}],"curies":[{"name":"wp","href":"https:\/\/api.w.org\/{rel}","templated":true}]}}