{"id":36221,"date":"2022-01-27T13:17:16","date_gmt":"2022-01-27T12:17:16","guid":{"rendered":"https:\/\/promz.be\/?post_type=product&#038;p=36221"},"modified":"2022-01-27T14:27:09","modified_gmt":"2022-01-27T13:27:09","slug":"theiere-minuet-santhee-en-verre-12l-avec-filtre","status":"publish","type":"product","link":"https:\/\/promz.be\/fr\/product\/theiere-minuet-santhee-en-verre-12l-avec-filtre\/","title":{"rendered":"Th\u00e9i\u00e8re Minuet\u00ae Santhee en verre 1,2L avec filtre"},"content":{"rendered":"<p>La th\u00e9i\u00e8re Minuet\u00ae Santhee est d\u00e9sormais \u00e9galement disponible en finition en verre. Un c\u00e9l\u00e8bre mod\u00e8le remis au go\u00fbt du jour\u00a0! La cafeti\u00e8re est en verre borosilicate r\u00e9sistant \u00e0 la chaleur et poss\u00e8de une contenance de 1,2\u00a0litre.<\/p>\n","protected":false},"excerpt":{"rendered":"<p>La th\u00e9i\u00e8re Minuet\u00ae Santhee est d\u00e9sormais \u00e9galement disponible en finition en verre. Un c\u00e9l\u00e8bre mod\u00e8le remis au go\u00fbt du jour\u00a0! La cafeti\u00e8re est en verre borosilicate r\u00e9sistant \u00e0 la chaleur et poss\u00e8de une contenance de 1,2\u00a0litre. [&#8230;]<\/p>\n<p><a class=\"btn btn-secondary understrap-read-more-link\" href=\"https:\/\/promz.be\/fr\/product\/theiere-minuet-santhee-en-verre-12l-avec-filtre\/\">Lire la suite&#8230;<\/a><\/p>\n","protected":false},"featured_media":36231,"comment_status":"closed","ping_status":"closed","template":"","meta":[],"product_cat":[947,986,988,950,995,957],"product_tag":[],"_links":{"self":[{"href":"https:\/\/promz.be\/fr\/wp-json\/wp\/v2\/product\/36221"}],"collection":[{"href":"https:\/\/promz.be\/fr\/wp-json\/wp\/v2\/product"}],"about":[{"href":"https:\/\/promz.be\/fr\/wp-json\/wp\/v2\/types\/product"}],"replies":[{"embeddable":true,"href":"https:\/\/promz.be\/fr\/wp-json\/wp\/v2\/comments?post=36221"}],"wp:featuredmedia":[{"embeddable":true,"href":"https:\/\/promz.be\/fr\/wp-json\/wp\/v2\/media\/36231"}],"wp:attachment":[{"href":"https:\/\/promz.be\/fr\/wp-json\/wp\/v2\/media?parent=36221"}],"wp:term":[{"taxonomy":"product_cat","embeddable":true,"href":"https:\/\/promz.be\/fr\/wp-json\/wp\/v2\/product_cat?post=36221"},{"taxonomy":"product_tag","embeddable":true,"href":"https:\/\/promz.be\/fr\/wp-json\/wp\/v2\/product_tag?post=36221"}],"curies":[{"name":"wp","href":"https:\/\/api.w.org\/{rel}","templated":true}]}}