{"id":36222,"date":"2022-01-27T13:17:16","date_gmt":"2022-01-27T12:17:16","guid":{"rendered":"https:\/\/promz.be\/?post_type=product&#038;p=36222"},"modified":"2022-01-27T14:24:23","modified_gmt":"2022-01-27T13:24:23","slug":"set-sichuan","status":"publish","type":"product","link":"https:\/\/promz.be\/fr\/product\/set-sichuan\/","title":{"rendered":"Set Sichuan"},"content":{"rendered":"<p>Set de th\u00e9 Asiatique, contenant une th\u00e9i\u00e8re en fonte noir et deux tasses en porcelaine. La th\u00e9i\u00e8re noir a un filtre en acier inoxydable et a un contenu d\u2019un litre. Les tasses (100 ml) ont un motif contemporain. Vous pouvez avoir votre propre c\u00e9r\u00e9monie de th\u00e9 \u00e0 la maison.<\/p>\n","protected":false},"excerpt":{"rendered":"<p>Set de th\u00e9 Asiatique, contenant une th\u00e9i\u00e8re en fonte noir et deux tasses en porcelaine. La th\u00e9i\u00e8re noir a un filtre en acier inoxydable et a un contenu d\u2019un litre. Les tasses (100 ml) ont un motif contemporain. Vous pouvez avoir votre propre c\u00e9r\u00e9monie de th\u00e9 \u00e0 la maison. [&#8230;]<\/p>\n<p><a class=\"btn btn-secondary understrap-read-more-link\" href=\"https:\/\/promz.be\/fr\/product\/set-sichuan\/\">Lire la suite&#8230;<\/a><\/p>\n","protected":false},"featured_media":36223,"comment_status":"closed","ping_status":"closed","template":"","meta":[],"product_cat":[947,986,988,950,995,957],"product_tag":[],"_links":{"self":[{"href":"https:\/\/promz.be\/fr\/wp-json\/wp\/v2\/product\/36222"}],"collection":[{"href":"https:\/\/promz.be\/fr\/wp-json\/wp\/v2\/product"}],"about":[{"href":"https:\/\/promz.be\/fr\/wp-json\/wp\/v2\/types\/product"}],"replies":[{"embeddable":true,"href":"https:\/\/promz.be\/fr\/wp-json\/wp\/v2\/comments?post=36222"}],"wp:featuredmedia":[{"embeddable":true,"href":"https:\/\/promz.be\/fr\/wp-json\/wp\/v2\/media\/36223"}],"wp:attachment":[{"href":"https:\/\/promz.be\/fr\/wp-json\/wp\/v2\/media?parent=36222"}],"wp:term":[{"taxonomy":"product_cat","embeddable":true,"href":"https:\/\/promz.be\/fr\/wp-json\/wp\/v2\/product_cat?post=36222"},{"taxonomy":"product_tag","embeddable":true,"href":"https:\/\/promz.be\/fr\/wp-json\/wp\/v2\/product_tag?post=36222"}],"curies":[{"name":"wp","href":"https:\/\/api.w.org\/{rel}","templated":true}]}}