{"id":36595,"date":"2022-01-21T20:18:32","date_gmt":"2022-01-21T19:18:32","guid":{"rendered":"https:\/\/promz.be\/product\/bourgogne-mini-cocottes-10-cm-2-pieces\/"},"modified":"2022-02-10T11:37:44","modified_gmt":"2022-02-10T10:37:44","slug":"bourgogne-mini-cocottes-10-cm-2-pieces","status":"publish","type":"product","link":"https:\/\/promz.be\/fr\/product\/bourgogne-mini-cocottes-10-cm-2-pieces\/","title":{"rendered":"Bourgogne mini cocottes 10 cm 2 pi\u00e8ces"},"content":{"rendered":"<p>BK d\u00e9veloppe des cocottes au design intelligent depuis 1851 et est pionnier dans le domaine des cocottes<br \/>\n\u00e9maill\u00e9es, entre autres. La collection Bourgogne refl\u00e8te l\u2019exp\u00e9rience, la tradition et le savoir-faire. Ces cocottes<br \/>\nsont magnifiques sur la cuisini\u00e8re comme sur une table joliment dress\u00e9e. Ces cocottes caract\u00e9ristiques sont<br \/>\nr\u00e9alis\u00e9es en fonte artisanale pour conjuguer pass\u00e9 et pr\u00e9sent.<\/p>\n","protected":false},"excerpt":{"rendered":"<p>BK d\u00e9veloppe des cocottes au design intelligent depuis 1851 et est pionnier dans le domaine des cocottes \u00e9maill\u00e9es, entre autres. La collection Bourgogne refl\u00e8te l\u2019exp\u00e9rience, la tradition et le savoir-faire. Ces cocottes sont magnifiques sur la cuisini\u00e8re comme sur une table joliment dress\u00e9e. Ces cocottes caract\u00e9ristiques sont r\u00e9alis\u00e9es en fonte artisanale pour conjuguer pass\u00e9 et pr\u00e9sent. [&#8230;]<\/p>\n<p><a class=\"btn btn-secondary understrap-read-more-link\" href=\"https:\/\/promz.be\/fr\/product\/bourgogne-mini-cocottes-10-cm-2-pieces\/\">Lire la suite&#8230;<\/a><\/p>\n","protected":false},"featured_media":36472,"comment_status":"closed","ping_status":"closed","template":"","meta":[],"product_cat":[947,988,950,957,981],"product_tag":[],"_links":{"self":[{"href":"https:\/\/promz.be\/fr\/wp-json\/wp\/v2\/product\/36595"}],"collection":[{"href":"https:\/\/promz.be\/fr\/wp-json\/wp\/v2\/product"}],"about":[{"href":"https:\/\/promz.be\/fr\/wp-json\/wp\/v2\/types\/product"}],"replies":[{"embeddable":true,"href":"https:\/\/promz.be\/fr\/wp-json\/wp\/v2\/comments?post=36595"}],"wp:featuredmedia":[{"embeddable":true,"href":"https:\/\/promz.be\/fr\/wp-json\/wp\/v2\/media\/36472"}],"wp:attachment":[{"href":"https:\/\/promz.be\/fr\/wp-json\/wp\/v2\/media?parent=36595"}],"wp:term":[{"taxonomy":"product_cat","embeddable":true,"href":"https:\/\/promz.be\/fr\/wp-json\/wp\/v2\/product_cat?post=36595"},{"taxonomy":"product_tag","embeddable":true,"href":"https:\/\/promz.be\/fr\/wp-json\/wp\/v2\/product_tag?post=36595"}],"curies":[{"name":"wp","href":"https:\/\/api.w.org\/{rel}","templated":true}]}}